{"id":2389,"date":"2026-03-02T08:39:33","date_gmt":"2026-03-02T08:39:33","guid":{"rendered":"https:\/\/coolmilktank.com\/?page_id=2389"},"modified":"2026-03-05T01:56:01","modified_gmt":"2026-03-05T01:56:01","slug":"commercial-intelligent-yogurt-machine","status":"publish","type":"page","link":"https:\/\/coolmilktank.com\/vi\/commercial-intelligent-yogurt-machine\/","title":{"rendered":"M\u00e1y l\u00e0m s\u1eefa chua th\u00f4ng minh th\u01b0\u01a1ng m\u1ea1i"},"content":{"rendered":"<div data-spectra-id=\"spectra-mm8kyxm6-dsxxw5\"\tstyle=\"overflow: visible;\" class=\"spectra-is-root-container alignfull spectra-overlay-color spectra-overflow wp-block-spectra-container\" data-orientation=\"vertical\"\t>\n\t\n<div data-spectra-id=\"spectra-mm8kz3yz-uczve6\" style=\"overflow: visible\" class=\"spectra-overlay-color spectra-overflow wp-block-spectra-container\" data-orientation=\"vertical\">\n\t\n\n<figure data-spectra-id=\"spectra-mm8kzved-hw81ei\" class=\"wp-block-image\" style=\"margin-top:0;margin-right:0;margin-bottom:0;margin-left:0\"><img decoding=\"async\" src=\"https:\/\/coolmilktank.com\/wp-content\/uploads\/2026\/03\/%E9%85%B8%E5%A5%B6%E6%9C%BA-1-150x150.jpg\" alt=\"\u5f53\u524d\u56fe\u7247\uff1a\u9178\u5976\u673a\" title=\"M\u00e1y l\u00e0m s\u1eefa chua th\u00f4ng minh th\u01b0\u01a1ng m\u1ea1i\"><\/figure>\n\n<\/div>\n\n\n<div data-spectra-id=\"spectra-mm8kz3z2-7p7mvl\" style=\"overflow: visible\" class=\"spectra-overlay-color spectra-overflow wp-block-spectra-container\" data-orientation=\"vertical\">\n\t\n\n<h3 class=\"wp-block-heading\">M\u00e1y l\u00e0m s\u1eefa chua th\u00f4ng minh th\u01b0\u01a1ng m\u1ea1i<\/h3>\n\n\n\n<p class=\"wp-container-content-69bc4bdf\">M\u00e1y l\u00e0m s\u1eefa chua chuy\u00ean nghi\u1ec7p d\u00e0nh cho m\u1ee5c \u0111\u00edch th\u01b0\u01a1ng m\u1ea1i. \u0110i\u1ec1u khi\u1ec3n nhi\u1ec7t \u0111\u1ed9 ch\u00ednh x\u00e1c, dung t\u00edch l\u1edbn v\u00e0 hi\u1ec7u su\u1ea5t \u0111\u00e1ng tin c\u1eady \u0111\u1ec3 \u0111\u00e1p \u1ee9ng nhu c\u1ea7u s\u1ea3n xu\u1ea5t quy m\u00f4 l\u1edbn. Ph\u00f9 h\u1ee3p cho c\u00e1c qu\u00e1n c\u00e0 ph\u00ea, nh\u00e0 m\u00e1y s\u1eefa v\u00e0 doanh nghi\u1ec7p d\u1ecbch v\u1ee5 th\u1ef1c ph\u1ea9m.<\/p>\n\n<\/div>\n\n<\/div>\n\n\n\n<h2 class=\"wp-block-heading\">Th\u00f4ng s\u1ed1 k\u1ef9 thu\u1eadt s\u1ea3n ph\u1ea9m<\/h2>\n\n\n<div data-spectra-id=\"spectra-mm8xaeou-sm3t9o\"\tstyle=\"overflow: visible;\" class=\"spectra-is-root-container alignfull spectra-overlay-color spectra-overflow wp-block-spectra-container\" data-orientation=\"vertical\"\t>\n\t\n\n<figure data-spectra-id=\"spectra-mm8xak9s-wj89g9\" class=\"wp-block-image size-full\"><img loading=\"lazy\" decoding=\"async\" width=\"800\" height=\"1200\" src=\"https:\/\/coolmilktank.com\/wp-content\/uploads\/2026\/03\/1-1-1.jpg\" alt=\"1 1\" class=\"wp-image-2396\" title=\"M\u00e1y l\u00e0m s\u1eefa chua th\u00f4ng minh th\u01b0\u01a1ng m\u1ea1i\" srcset=\"https:\/\/coolmilktank.com\/wp-content\/uploads\/2026\/03\/1-1-1.jpg 800w, https:\/\/coolmilktank.com\/wp-content\/uploads\/2026\/03\/1-1-1-200x300.jpg 200w, https:\/\/coolmilktank.com\/wp-content\/uploads\/2026\/03\/1-1-1-683x1024.jpg 683w, https:\/\/coolmilktank.com\/wp-content\/uploads\/2026\/03\/1-1-1-768x1152.jpg 768w\" sizes=\"auto, (max-width: 800px) 100vw, 800px\" \/><\/figure>\n\n\n<div data-spectra-id=\"spectra-mm8xags0-5ka54l\" style=\"overflow: visible\" class=\"spectra-overlay-color spectra-overflow wp-block-spectra-container\" data-orientation=\"vertical\">\n\t\n\n<figure data-spectra-id=\"spectra-mm8xcfz5-mbftgf\" class=\"wp-block-image size-large\"><img loading=\"lazy\" decoding=\"async\" width=\"683\" height=\"1024\" src=\"https:\/\/coolmilktank.com\/wp-content\/uploads\/2026\/03\/1-2-1-683x1024.jpg\" alt=\"1 2\" class=\"wp-image-2397\" title=\"M\u00e1y l\u00e0m s\u1eefa chua th\u00f4ng minh th\u01b0\u01a1ng m\u1ea1i\" srcset=\"https:\/\/coolmilktank.com\/wp-content\/uploads\/2026\/03\/1-2-1-683x1024.jpg 683w, https:\/\/coolmilktank.com\/wp-content\/uploads\/2026\/03\/1-2-1-200x300.jpg 200w, https:\/\/coolmilktank.com\/wp-content\/uploads\/2026\/03\/1-2-1-768x1152.jpg 768w, https:\/\/coolmilktank.com\/wp-content\/uploads\/2026\/03\/1-2-1.jpg 800w\" sizes=\"auto, (max-width: 683px) 100vw, 683px\" \/><\/figure>\n\n<\/div>\n\n<\/div>\n\n\n\n<p><\/p>","protected":false},"excerpt":{"rendered":"<p>Th\u00f4ng s\u1ed1 k\u1ef9 thu\u1eadt s\u1ea3n ph\u1ea9m<\/p>","protected":false},"author":1,"featured_media":2355,"parent":0,"menu_order":0,"comment_status":"closed","ping_status":"closed","template":"","meta":{"_uag_custom_page_level_css":"","site-sidebar-layout":"default","site-content-layout":"","ast-site-content-layout":"default","site-content-style":"default","site-sidebar-style":"default","ast-global-header-display":"","ast-banner-title-visibility":"","ast-main-header-display":"","ast-hfb-above-header-display":"","ast-hfb-below-header-display":"","ast-hfb-mobile-header-display":"","site-post-title":"","ast-breadcrumbs-content":"","ast-featured-img":"","footer-sml-layout":"","ast-disable-related-posts":"","theme-transparent-header-meta":"","adv-header-id-meta":"","stick-header-meta":"","header-above-stick-meta":"","header-main-stick-meta":"","header-below-stick-meta":"","astra-migrate-meta-layouts":"set","ast-page-background-enabled":"default","ast-page-background-meta":{"desktop":{"background-color":"var(--ast-global-color-4)","background-image":"","background-repeat":"repeat","background-position":"center center","background-size":"auto","background-attachment":"scroll","background-type":"","background-media":"","overlay-type":"","overlay-color":"","overlay-opacity":"","overlay-gradient":""},"tablet":{"background-color":"","background-image":"","background-repeat":"repeat","background-position":"center center","background-size":"auto","background-attachment":"scroll","background-type":"","background-media":"","overlay-type":"","overlay-color":"","overlay-opacity":"","overlay-gradient":""},"mobile":{"background-color":"","background-image":"","background-repeat":"repeat","background-position":"center center","background-size":"auto","background-attachment":"scroll","background-type":"","background-media":"","overlay-type":"","overlay-color":"","overlay-opacity":"","overlay-gradient":""}},"ast-content-background-meta":{"desktop":{"background-color":"var(--ast-global-color-5)","background-image":"","background-repeat":"repeat","background-position":"center center","background-size":"auto","background-attachment":"scroll","background-type":"","background-media":"","overlay-type":"","overlay-color":"","overlay-opacity":"","overlay-gradient":""},"tablet":{"background-color":"var(--ast-global-color-5)","background-image":"","background-repeat":"repeat","background-position":"center center","background-size":"auto","background-attachment":"scroll","background-type":"","background-media":"","overlay-type":"","overlay-color":"","overlay-opacity":"","overlay-gradient":""},"mobile":{"background-color":"var(--ast-global-color-5)","background-image":"","background-repeat":"repeat","background-position":"center center","background-size":"auto","background-attachment":"scroll","background-type":"","background-media":"","overlay-type":"","overlay-color":"","overlay-opacity":"","overlay-gradient":""}},"footnotes":""},"class_list":["post-2389","page","type-page","status-publish","has-post-thumbnail","hentry"],"_hostinger_reach_plugin_has_subscription_block":false,"_hostinger_reach_plugin_is_elementor":false,"uagb_featured_image_src":{"full":["https:\/\/coolmilktank.com\/wp-content\/uploads\/2026\/03\/\u9178\u5976\u673a-1.jpg",800,800,false],"thumbnail":["https:\/\/coolmilktank.com\/wp-content\/uploads\/2026\/03\/\u9178\u5976\u673a-1-150x150.jpg",150,150,true],"medium":["https:\/\/coolmilktank.com\/wp-content\/uploads\/2026\/03\/\u9178\u5976\u673a-1-300x300.jpg",300,300,true],"medium_large":["https:\/\/coolmilktank.com\/wp-content\/uploads\/2026\/03\/\u9178\u5976\u673a-1-768x768.jpg",768,768,true],"large":["https:\/\/coolmilktank.com\/wp-content\/uploads\/2026\/03\/\u9178\u5976\u673a-1.jpg",800,800,false],"1536x1536":["https:\/\/coolmilktank.com\/wp-content\/uploads\/2026\/03\/\u9178\u5976\u673a-1.jpg",800,800,false],"2048x2048":["https:\/\/coolmilktank.com\/wp-content\/uploads\/2026\/03\/\u9178\u5976\u673a-1.jpg",800,800,false],"trp-custom-language-flag":["https:\/\/coolmilktank.com\/wp-content\/uploads\/2026\/03\/\u9178\u5976\u673a-1.jpg",12,12,false]},"uagb_author_info":{"display_name":"sdzhongdu@gmail.com","author_link":"https:\/\/coolmilktank.com\/vi\/author\/sdzhongdugmail-com\/"},"uagb_comment_info":0,"uagb_excerpt":"Product Specifications","_links":{"self":[{"href":"https:\/\/coolmilktank.com\/vi\/wp-json\/wp\/v2\/pages\/2389","targetHints":{"allow":["GET"]}}],"collection":[{"href":"https:\/\/coolmilktank.com\/vi\/wp-json\/wp\/v2\/pages"}],"about":[{"href":"https:\/\/coolmilktank.com\/vi\/wp-json\/wp\/v2\/types\/page"}],"author":[{"embeddable":true,"href":"https:\/\/coolmilktank.com\/vi\/wp-json\/wp\/v2\/users\/1"}],"replies":[{"embeddable":true,"href":"https:\/\/coolmilktank.com\/vi\/wp-json\/wp\/v2\/comments?post=2389"}],"version-history":[{"count":3,"href":"https:\/\/coolmilktank.com\/vi\/wp-json\/wp\/v2\/pages\/2389\/revisions"}],"predecessor-version":[{"id":2469,"href":"https:\/\/coolmilktank.com\/vi\/wp-json\/wp\/v2\/pages\/2389\/revisions\/2469"}],"wp:featuredmedia":[{"embeddable":true,"href":"https:\/\/coolmilktank.com\/vi\/wp-json\/wp\/v2\/media\/2355"}],"wp:attachment":[{"href":"https:\/\/coolmilktank.com\/vi\/wp-json\/wp\/v2\/media?parent=2389"}],"curies":[{"name":"wp","href":"https:\/\/api.w.org\/{rel}","templated":true}]}}