{"id":2445,"date":"2026-03-05T00:36:44","date_gmt":"2026-03-05T00:36:44","guid":{"rendered":"https:\/\/coolmilktank.com\/?page_id=2445"},"modified":"2026-03-05T00:36:47","modified_gmt":"2026-03-05T00:36:47","slug":"milk-cooling-tank","status":"publish","type":"page","link":"https:\/\/coolmilktank.com\/vi\/milk-cooling-tank\/","title":{"rendered":"B\u1ed3n l\u00e0m m\u00e1t s\u1eefa"},"content":{"rendered":"<div data-spectra-id=\"spectra-mmcp676u-0tlamu\"\tstyle=\"overflow: visible;\" class=\"spectra-is-root-container alignfull spectra-overlay-color spectra-overflow wp-block-spectra-container\" data-orientation=\"vertical\"\t>\n\t\n<div data-spectra-id=\"spectra-mmcp69kj-2quizj\" style=\"overflow: visible\" class=\"spectra-overlay-color spectra-overflow wp-block-spectra-container\" data-orientation=\"vertical\">\n\t\n\n<figure data-spectra-id=\"spectra-mmcp6cvs-n4pwag\" class=\"wp-block-image size-full\"><img loading=\"lazy\" decoding=\"async\" width=\"800\" height=\"800\" src=\"https:\/\/coolmilktank.com\/wp-content\/uploads\/2026\/03\/\u5236\u51b7\u7f50-3.jpg\" alt=\"\u5236\u51b7\u7f50\" class=\"wp-image-2446\" title=\"B\u1ed3n l\u00e0m m\u00e1t s\u1eefa\" srcset=\"https:\/\/coolmilktank.com\/wp-content\/uploads\/2026\/03\/\u5236\u51b7\u7f50-3.jpg 800w, https:\/\/coolmilktank.com\/wp-content\/uploads\/2026\/03\/\u5236\u51b7\u7f50-3-300x300.jpg 300w, https:\/\/coolmilktank.com\/wp-content\/uploads\/2026\/03\/\u5236\u51b7\u7f50-3-150x150.jpg 150w, https:\/\/coolmilktank.com\/wp-content\/uploads\/2026\/03\/\u5236\u51b7\u7f50-3-768x768.jpg 768w\" sizes=\"auto, (max-width: 800px) 100vw, 800px\" \/><\/figure>\n\n<\/div>\n\n\n<div data-spectra-id=\"spectra-mmcp69km-pgqrv5\" style=\"overflow: visible\" class=\"spectra-overlay-color spectra-overflow wp-block-spectra-container\" data-orientation=\"vertical\">\n\t\n\n<h3 class=\"wp-block-heading\">B\u1ed3n l\u00e0m m\u00e1t s\u1eefa<\/h3>\n\n\n\n<p>B\u1ed3n l\u00e0m m\u00e1t s\u1eefa b\u1eb1ng th\u00e9p kh\u00f4ng g\u1ec9 v\u1edbi ki\u1ec3m so\u00e1t nhi\u1ec7t \u0111\u1ed9 ch\u00ednh x\u00e1c, h\u1ec7 th\u1ed1ng l\u00e0m l\u1ea1nh hi\u1ec7u qu\u1ea3 v\u00e0 thi\u1ebft k\u1ebf v\u1ec7 sinh. Ph\u00f9 h\u1ee3p cho c\u00e1c trang tr\u1ea1i ch\u0103n nu\u00f4i b\u00f2 s\u1eefa v\u00e0 c\u01a1 s\u1edf ch\u1ebf bi\u1ebfn s\u1eefa \u0111\u1ec3 b\u1ea3o qu\u1ea3n \u0111\u1ed9 t\u01b0\u01a1i ngon v\u00e0 ch\u1ea5t l\u01b0\u1ee3ng c\u1ee7a s\u1eefa.<\/p>\n\n<\/div>\n\n<\/div>\n\n\n\n<h2 class=\"wp-block-heading\">Th\u00f4ng s\u1ed1 k\u1ef9 thu\u1eadt s\u1ea3n ph\u1ea9m<\/h2>\n\n\n<div data-spectra-id=\"spectra-mmcqdu54-fuvy4q\"\tstyle=\"overflow: visible;\" class=\"spectra-is-root-container alignfull spectra-overlay-color spectra-overflow wp-block-spectra-container\" data-orientation=\"vertical\"\t>\n\t\n<div data-spectra-id=\"spectra-mmcqdx0s-5nktyn\" style=\"overflow: visible\" class=\"spectra-overlay-color spectra-overflow wp-block-spectra-container\" data-orientation=\"vertical\">\n\t\n\n<figure data-spectra-id=\"spectra-mmcqe1t8-8cuizk\" class=\"wp-block-image size-full\"><img loading=\"lazy\" decoding=\"async\" width=\"800\" height=\"800\" src=\"https:\/\/coolmilktank.com\/wp-content\/uploads\/2026\/03\/0.2.jpg\" alt=\"0.2\" class=\"wp-image-2447\" title=\"B\u1ed3n l\u00e0m m\u00e1t s\u1eefa\" srcset=\"https:\/\/coolmilktank.com\/wp-content\/uploads\/2026\/03\/0.2.jpg 800w, https:\/\/coolmilktank.com\/wp-content\/uploads\/2026\/03\/0.2-300x300.jpg 300w, https:\/\/coolmilktank.com\/wp-content\/uploads\/2026\/03\/0.2-150x150.jpg 150w, https:\/\/coolmilktank.com\/wp-content\/uploads\/2026\/03\/0.2-768x768.jpg 768w\" sizes=\"auto, (max-width: 800px) 100vw, 800px\" \/><\/figure>\n\n<\/div>\n\n\n<div data-spectra-id=\"spectra-mmcqfejw-f72f86\" style=\"overflow: visible\" class=\"spectra-overlay-color spectra-overflow wp-block-spectra-container\" data-orientation=\"vertical\">\n\t\n\n<figure data-spectra-id=\"spectra-mmcqeboc-khkafl\" class=\"wp-block-image size-full\"><img loading=\"lazy\" decoding=\"async\" width=\"800\" height=\"800\" src=\"https:\/\/coolmilktank.com\/wp-content\/uploads\/2026\/03\/0.3.jpg\" alt=\"0.3\" class=\"wp-image-2448\" title=\"B\u1ed3n l\u00e0m m\u00e1t s\u1eefa\" srcset=\"https:\/\/coolmilktank.com\/wp-content\/uploads\/2026\/03\/0.3.jpg 800w, https:\/\/coolmilktank.com\/wp-content\/uploads\/2026\/03\/0.3-300x300.jpg 300w, https:\/\/coolmilktank.com\/wp-content\/uploads\/2026\/03\/0.3-150x150.jpg 150w, https:\/\/coolmilktank.com\/wp-content\/uploads\/2026\/03\/0.3-768x768.jpg 768w\" sizes=\"auto, (max-width: 800px) 100vw, 800px\" \/><\/figure>\n\n<\/div>\n\n\n<div data-spectra-id=\"spectra-mmcqdx0w-bezq9j\" style=\"overflow: visible\" class=\"spectra-overlay-color spectra-overflow wp-block-spectra-container\" data-orientation=\"vertical\">\n\t\n\n<figure data-spectra-id=\"spectra-mmcqeie3-jnx453\" class=\"wp-block-image size-full\"><img loading=\"lazy\" decoding=\"async\" width=\"800\" height=\"800\" src=\"https:\/\/coolmilktank.com\/wp-content\/uploads\/2026\/03\/0.5.jpg\" alt=\"0.5\" class=\"wp-image-2449\" title=\"B\u1ed3n l\u00e0m m\u00e1t s\u1eefa\" srcset=\"https:\/\/coolmilktank.com\/wp-content\/uploads\/2026\/03\/0.5.jpg 800w, https:\/\/coolmilktank.com\/wp-content\/uploads\/2026\/03\/0.5-300x300.jpg 300w, https:\/\/coolmilktank.com\/wp-content\/uploads\/2026\/03\/0.5-150x150.jpg 150w, https:\/\/coolmilktank.com\/wp-content\/uploads\/2026\/03\/0.5-768x768.jpg 768w\" sizes=\"auto, (max-width: 800px) 100vw, 800px\" \/><\/figure>\n\n<\/div>\n\n\n<div data-spectra-id=\"spectra-mmcqdx19-959uc8\" style=\"overflow: visible\" class=\"spectra-overlay-color spectra-overflow wp-block-spectra-container\" data-orientation=\"vertical\">\n\t\n\n<figure data-spectra-id=\"spectra-mmcqeq66-z5xmdx\" class=\"wp-block-image size-full\"><img loading=\"lazy\" decoding=\"async\" width=\"800\" height=\"800\" src=\"https:\/\/coolmilktank.com\/wp-content\/uploads\/2026\/03\/1.jpg\" alt=\"1\" class=\"wp-image-2450\" title=\"B\u1ed3n l\u00e0m m\u00e1t s\u1eefa\" srcset=\"https:\/\/coolmilktank.com\/wp-content\/uploads\/2026\/03\/1.jpg 800w, https:\/\/coolmilktank.com\/wp-content\/uploads\/2026\/03\/1-300x300.jpg 300w, https:\/\/coolmilktank.com\/wp-content\/uploads\/2026\/03\/1-150x150.jpg 150w, https:\/\/coolmilktank.com\/wp-content\/uploads\/2026\/03\/1-768x768.jpg 768w\" sizes=\"auto, (max-width: 800px) 100vw, 800px\" \/><\/figure>\n\n<\/div>\n\n\n<div data-spectra-id=\"spectra-mmcqdx1e-7j57zh\" style=\"overflow: visible\" class=\"spectra-overlay-color spectra-overflow wp-block-spectra-container\" data-orientation=\"vertical\">\n\t\n\n<figure data-spectra-id=\"spectra-mmcqg0vp-3j83or\" class=\"wp-block-image size-full\"><img loading=\"lazy\" decoding=\"async\" width=\"800\" height=\"800\" src=\"https:\/\/coolmilktank.com\/wp-content\/uploads\/2026\/03\/2.jpg\" alt=\"2\" class=\"wp-image-2451\" title=\"B\u1ed3n l\u00e0m m\u00e1t s\u1eefa\" srcset=\"https:\/\/coolmilktank.com\/wp-content\/uploads\/2026\/03\/2.jpg 800w, https:\/\/coolmilktank.com\/wp-content\/uploads\/2026\/03\/2-300x300.jpg 300w, https:\/\/coolmilktank.com\/wp-content\/uploads\/2026\/03\/2-150x150.jpg 150w, https:\/\/coolmilktank.com\/wp-content\/uploads\/2026\/03\/2-768x768.jpg 768w\" sizes=\"auto, (max-width: 800px) 100vw, 800px\" \/><\/figure>\n\n\n<div data-spectra-id=\"spectra-mmcqh43d-ev5rhu\" style=\"overflow: visible\" class=\"spectra-overlay-color spectra-overflow wp-block-spectra-container\" data-orientation=\"vertical\">\n\t\n\n<figure data-spectra-id=\"spectra-mmcqhhr9-xj4tlm\" class=\"wp-block-image size-full\"><img loading=\"lazy\" decoding=\"async\" width=\"800\" height=\"800\" src=\"https:\/\/coolmilktank.com\/wp-content\/uploads\/2026\/03\/8.jpg\" alt=\"8\" class=\"wp-image-2455\" title=\"B\u1ed3n l\u00e0m m\u00e1t s\u1eefa\" srcset=\"https:\/\/coolmilktank.com\/wp-content\/uploads\/2026\/03\/8.jpg 800w, https:\/\/coolmilktank.com\/wp-content\/uploads\/2026\/03\/8-300x300.jpg 300w, https:\/\/coolmilktank.com\/wp-content\/uploads\/2026\/03\/8-150x150.jpg 150w, https:\/\/coolmilktank.com\/wp-content\/uploads\/2026\/03\/8-768x768.jpg 768w\" sizes=\"auto, (max-width: 800px) 100vw, 800px\" \/><\/figure>\n\n<\/div>\n\n<\/div>\n\n\n<div data-spectra-id=\"spectra-mmcqfki2-hb5f36\" style=\"overflow: visible\" class=\"spectra-overlay-color spectra-overflow wp-block-spectra-container\" data-orientation=\"vertical\">\n\t\n\n<figure data-spectra-id=\"spectra-mmcqgc0y-r1zp5r\" class=\"wp-block-image size-full\"><img loading=\"lazy\" decoding=\"async\" width=\"800\" height=\"800\" src=\"https:\/\/coolmilktank.com\/wp-content\/uploads\/2026\/03\/3.jpg\" alt=\"3\" class=\"wp-image-2452\" title=\"B\u1ed3n l\u00e0m m\u00e1t s\u1eefa\" srcset=\"https:\/\/coolmilktank.com\/wp-content\/uploads\/2026\/03\/3.jpg 800w, https:\/\/coolmilktank.com\/wp-content\/uploads\/2026\/03\/3-300x300.jpg 300w, https:\/\/coolmilktank.com\/wp-content\/uploads\/2026\/03\/3-150x150.jpg 150w, https:\/\/coolmilktank.com\/wp-content\/uploads\/2026\/03\/3-768x768.jpg 768w\" sizes=\"auto, (max-width: 800px) 100vw, 800px\" \/><\/figure>\n\n\n<div data-spectra-id=\"spectra-mmcqh7dd-1luktm\" style=\"overflow: visible\" class=\"spectra-overlay-color spectra-overflow wp-block-spectra-container\" data-orientation=\"vertical\">\n\t\n\n<figure data-spectra-id=\"spectra-mmcqhqwd-nbsbrp\" class=\"wp-block-image size-full\"><img loading=\"lazy\" decoding=\"async\" width=\"800\" height=\"800\" src=\"https:\/\/coolmilktank.com\/wp-content\/uploads\/2026\/03\/10.jpg\" alt=\"10\" class=\"wp-image-2456\" title=\"B\u1ed3n l\u00e0m m\u00e1t s\u1eefa\" srcset=\"https:\/\/coolmilktank.com\/wp-content\/uploads\/2026\/03\/10.jpg 800w, https:\/\/coolmilktank.com\/wp-content\/uploads\/2026\/03\/10-300x300.jpg 300w, https:\/\/coolmilktank.com\/wp-content\/uploads\/2026\/03\/10-150x150.jpg 150w, https:\/\/coolmilktank.com\/wp-content\/uploads\/2026\/03\/10-768x768.jpg 768w\" sizes=\"auto, (max-width: 800px) 100vw, 800px\" \/><\/figure>\n\n<\/div>\n\n<\/div>\n\n\n<div data-spectra-id=\"spectra-mmcqfni6-odkfx7\" style=\"overflow: visible\" class=\"spectra-overlay-color spectra-overflow wp-block-spectra-container\" data-orientation=\"vertical\">\n\t\n\n<figure data-spectra-id=\"spectra-mmcqgja1-9pth8r\" class=\"wp-block-image size-full\"><img loading=\"lazy\" decoding=\"async\" width=\"800\" height=\"800\" src=\"https:\/\/coolmilktank.com\/wp-content\/uploads\/2026\/03\/5.jpg\" alt=\"5\" class=\"wp-image-2453\" title=\"B\u1ed3n l\u00e0m m\u00e1t s\u1eefa\" srcset=\"https:\/\/coolmilktank.com\/wp-content\/uploads\/2026\/03\/5.jpg 800w, https:\/\/coolmilktank.com\/wp-content\/uploads\/2026\/03\/5-300x300.jpg 300w, https:\/\/coolmilktank.com\/wp-content\/uploads\/2026\/03\/5-150x150.jpg 150w, https:\/\/coolmilktank.com\/wp-content\/uploads\/2026\/03\/5-768x768.jpg 768w\" sizes=\"auto, (max-width: 800px) 100vw, 800px\" \/><\/figure>\n\n\n<div data-spectra-id=\"spectra-mmcqhanw-2djcau\" style=\"overflow: visible\" class=\"spectra-overlay-color spectra-overflow wp-block-spectra-container\" data-orientation=\"vertical\">\n\t\n\n<figure data-spectra-id=\"spectra-mmcqhzw3-xoqmq3\" class=\"wp-block-image size-full\"><img loading=\"lazy\" decoding=\"async\" width=\"800\" height=\"800\" src=\"https:\/\/coolmilktank.com\/wp-content\/uploads\/2026\/03\/12.jpg\" alt=\"12\" class=\"wp-image-2457\" title=\"B\u1ed3n l\u00e0m m\u00e1t s\u1eefa\" srcset=\"https:\/\/coolmilktank.com\/wp-content\/uploads\/2026\/03\/12.jpg 800w, https:\/\/coolmilktank.com\/wp-content\/uploads\/2026\/03\/12-300x300.jpg 300w, https:\/\/coolmilktank.com\/wp-content\/uploads\/2026\/03\/12-150x150.jpg 150w, https:\/\/coolmilktank.com\/wp-content\/uploads\/2026\/03\/12-768x768.jpg 768w\" sizes=\"auto, (max-width: 800px) 100vw, 800px\" \/><\/figure>\n\n<\/div>\n\n<\/div>\n\n\n<div data-spectra-id=\"spectra-mmcqfqk9-21jgnx\" style=\"overflow: visible\" class=\"spectra-overlay-color spectra-overflow wp-block-spectra-container\" data-orientation=\"vertical\">\n\t\n\n<figure data-spectra-id=\"spectra-mmcqgppa-46sn8e\" class=\"wp-block-image size-full\"><img loading=\"lazy\" decoding=\"async\" width=\"800\" height=\"800\" src=\"https:\/\/coolmilktank.com\/wp-content\/uploads\/2026\/03\/6.jpg\" alt=\"6\" class=\"wp-image-2454\" title=\"B\u1ed3n l\u00e0m m\u00e1t s\u1eefa\" srcset=\"https:\/\/coolmilktank.com\/wp-content\/uploads\/2026\/03\/6.jpg 800w, https:\/\/coolmilktank.com\/wp-content\/uploads\/2026\/03\/6-300x300.jpg 300w, https:\/\/coolmilktank.com\/wp-content\/uploads\/2026\/03\/6-150x150.jpg 150w, https:\/\/coolmilktank.com\/wp-content\/uploads\/2026\/03\/6-768x768.jpg 768w\" sizes=\"auto, (max-width: 800px) 100vw, 800px\" \/><\/figure>\n\n\n<div data-spectra-id=\"spectra-mmcqhebl-iq3lb2\" style=\"overflow: visible\" class=\"spectra-overlay-color spectra-overflow wp-block-spectra-container\" data-orientation=\"vertical\">\n\t\n\n<figure data-spectra-id=\"spectra-mmcqi8cw-1nr5za\" class=\"wp-block-image size-full\"><img loading=\"lazy\" decoding=\"async\" width=\"800\" height=\"800\" src=\"https:\/\/coolmilktank.com\/wp-content\/uploads\/2026\/03\/20.jpg\" alt=\"20\" class=\"wp-image-2458\" title=\"B\u1ed3n l\u00e0m m\u00e1t s\u1eefa\" srcset=\"https:\/\/coolmilktank.com\/wp-content\/uploads\/2026\/03\/20.jpg 800w, https:\/\/coolmilktank.com\/wp-content\/uploads\/2026\/03\/20-300x300.jpg 300w, https:\/\/coolmilktank.com\/wp-content\/uploads\/2026\/03\/20-150x150.jpg 150w, https:\/\/coolmilktank.com\/wp-content\/uploads\/2026\/03\/20-768x768.jpg 768w\" sizes=\"auto, (max-width: 800px) 100vw, 800px\" \/><\/figure>\n\n<\/div>\n\n<\/div>\n\n<\/div>\n\n\n\n<p><\/p>","protected":false},"excerpt":{"rendered":"<p>Th\u00f4ng s\u1ed1 k\u1ef9 thu\u1eadt s\u1ea3n ph\u1ea9m<\/p>","protected":false},"author":1,"featured_media":2390,"parent":0,"menu_order":0,"comment_status":"closed","ping_status":"closed","template":"","meta":{"_uag_custom_page_level_css":"","site-sidebar-layout":"default","site-content-layout":"","ast-site-content-layout":"default","site-content-style":"default","site-sidebar-style":"default","ast-global-header-display":"","ast-banner-title-visibility":"","ast-main-header-display":"","ast-hfb-above-header-display":"","ast-hfb-below-header-display":"","ast-hfb-mobile-header-display":"","site-post-title":"","ast-breadcrumbs-content":"","ast-featured-img":"","footer-sml-layout":"","ast-disable-related-posts":"","theme-transparent-header-meta":"","adv-header-id-meta":"","stick-header-meta":"","header-above-stick-meta":"","header-main-stick-meta":"","header-below-stick-meta":"","astra-migrate-meta-layouts":"set","ast-page-background-enabled":"default","ast-page-background-meta":{"desktop":{"background-color":"var(--ast-global-color-4)","background-image":"","background-repeat":"repeat","background-position":"center center","background-size":"auto","background-attachment":"scroll","background-type":"","background-media":"","overlay-type":"","overlay-color":"","overlay-opacity":"","overlay-gradient":""},"tablet":{"background-color":"","background-image":"","background-repeat":"repeat","background-position":"center center","background-size":"auto","background-attachment":"scroll","background-type":"","background-media":"","overlay-type":"","overlay-color":"","overlay-opacity":"","overlay-gradient":""},"mobile":{"background-color":"","background-image":"","background-repeat":"repeat","background-position":"center center","background-size":"auto","background-attachment":"scroll","background-type":"","background-media":"","overlay-type":"","overlay-color":"","overlay-opacity":"","overlay-gradient":""}},"ast-content-background-meta":{"desktop":{"background-color":"var(--ast-global-color-5)","background-image":"","background-repeat":"repeat","background-position":"center center","background-size":"auto","background-attachment":"scroll","background-type":"","background-media":"","overlay-type":"","overlay-color":"","overlay-opacity":"","overlay-gradient":""},"tablet":{"background-color":"var(--ast-global-color-5)","background-image":"","background-repeat":"repeat","background-position":"center center","background-size":"auto","background-attachment":"scroll","background-type":"","background-media":"","overlay-type":"","overlay-color":"","overlay-opacity":"","overlay-gradient":""},"mobile":{"background-color":"var(--ast-global-color-5)","background-image":"","background-repeat":"repeat","background-position":"center center","background-size":"auto","background-attachment":"scroll","background-type":"","background-media":"","overlay-type":"","overlay-color":"","overlay-opacity":"","overlay-gradient":""}},"footnotes":""},"class_list":["post-2445","page","type-page","status-publish","has-post-thumbnail","hentry"],"_hostinger_reach_plugin_has_subscription_block":false,"_hostinger_reach_plugin_is_elementor":false,"uagb_featured_image_src":{"full":["https:\/\/coolmilktank.com\/wp-content\/uploads\/2026\/03\/\u5236\u51b7\u7f50-2.jpg",800,800,false],"thumbnail":["https:\/\/coolmilktank.com\/wp-content\/uploads\/2026\/03\/\u5236\u51b7\u7f50-2-150x150.jpg",150,150,true],"medium":["https:\/\/coolmilktank.com\/wp-content\/uploads\/2026\/03\/\u5236\u51b7\u7f50-2-300x300.jpg",300,300,true],"medium_large":["https:\/\/coolmilktank.com\/wp-content\/uploads\/2026\/03\/\u5236\u51b7\u7f50-2-768x768.jpg",768,768,true],"large":["https:\/\/coolmilktank.com\/wp-content\/uploads\/2026\/03\/\u5236\u51b7\u7f50-2.jpg",800,800,false],"1536x1536":["https:\/\/coolmilktank.com\/wp-content\/uploads\/2026\/03\/\u5236\u51b7\u7f50-2.jpg",800,800,false],"2048x2048":["https:\/\/coolmilktank.com\/wp-content\/uploads\/2026\/03\/\u5236\u51b7\u7f50-2.jpg",800,800,false],"trp-custom-language-flag":["https:\/\/coolmilktank.com\/wp-content\/uploads\/2026\/03\/\u5236\u51b7\u7f50-2.jpg",12,12,false]},"uagb_author_info":{"display_name":"sdzhongdu@gmail.com","author_link":"https:\/\/coolmilktank.com\/vi\/author\/sdzhongdugmail-com\/"},"uagb_comment_info":0,"uagb_excerpt":"Product Specifications","_links":{"self":[{"href":"https:\/\/coolmilktank.com\/vi\/wp-json\/wp\/v2\/pages\/2445","targetHints":{"allow":["GET"]}}],"collection":[{"href":"https:\/\/coolmilktank.com\/vi\/wp-json\/wp\/v2\/pages"}],"about":[{"href":"https:\/\/coolmilktank.com\/vi\/wp-json\/wp\/v2\/types\/page"}],"author":[{"embeddable":true,"href":"https:\/\/coolmilktank.com\/vi\/wp-json\/wp\/v2\/users\/1"}],"replies":[{"embeddable":true,"href":"https:\/\/coolmilktank.com\/vi\/wp-json\/wp\/v2\/comments?post=2445"}],"version-history":[{"count":1,"href":"https:\/\/coolmilktank.com\/vi\/wp-json\/wp\/v2\/pages\/2445\/revisions"}],"predecessor-version":[{"id":2459,"href":"https:\/\/coolmilktank.com\/vi\/wp-json\/wp\/v2\/pages\/2445\/revisions\/2459"}],"wp:featuredmedia":[{"embeddable":true,"href":"https:\/\/coolmilktank.com\/vi\/wp-json\/wp\/v2\/media\/2390"}],"wp:attachment":[{"href":"https:\/\/coolmilktank.com\/vi\/wp-json\/wp\/v2\/media?parent=2445"}],"curies":[{"name":"wp","href":"https:\/\/api.w.org\/{rel}","templated":true}]}}