{"id":2461,"date":"2026-03-05T00:50:59","date_gmt":"2026-03-05T00:50:59","guid":{"rendered":"https:\/\/coolmilktank.com\/?page_id=2461"},"modified":"2026-03-05T00:51:01","modified_gmt":"2026-03-05T00:51:01","slug":"pasteurization-machine","status":"publish","type":"page","link":"https:\/\/coolmilktank.com\/vi\/pasteurization-machine\/","title":{"rendered":"M\u00e1y ti\u1ec7t tr\u00f9ng"},"content":{"rendered":"<div data-spectra-id=\"spectra-mmcqleuh-toe5va\"\tstyle=\"overflow: visible;\" class=\"spectra-is-root-container alignfull spectra-overlay-color spectra-overflow wp-block-spectra-container\" data-orientation=\"vertical\"\t>\n\t\n<div data-spectra-id=\"spectra-mmcqlglu-9eqlby\" style=\"overflow: visible\" class=\"spectra-overlay-color spectra-overflow wp-block-spectra-container\" data-orientation=\"vertical\">\n\t\n\n<figure data-spectra-id=\"spectra-mmcqljm7-yjcw1x\" class=\"wp-block-image size-full\"><img loading=\"lazy\" decoding=\"async\" width=\"800\" height=\"800\" src=\"https:\/\/coolmilktank.com\/wp-content\/uploads\/2026\/03\/\u5df4\u6c0f\u6740\u83cc\u673a-1.jpg\" alt=\"\u5df4\u6c0f\u6740\u83cc\u673a\" class=\"wp-image-2357\" title=\"M\u00e1y ti\u1ec7t tr\u00f9ng\" srcset=\"https:\/\/coolmilktank.com\/wp-content\/uploads\/2026\/03\/\u5df4\u6c0f\u6740\u83cc\u673a-1.jpg 800w, https:\/\/coolmilktank.com\/wp-content\/uploads\/2026\/03\/\u5df4\u6c0f\u6740\u83cc\u673a-1-300x300.jpg 300w, https:\/\/coolmilktank.com\/wp-content\/uploads\/2026\/03\/\u5df4\u6c0f\u6740\u83cc\u673a-1-150x150.jpg 150w, https:\/\/coolmilktank.com\/wp-content\/uploads\/2026\/03\/\u5df4\u6c0f\u6740\u83cc\u673a-1-768x768.jpg 768w\" sizes=\"auto, (max-width: 800px) 100vw, 800px\" \/><\/figure>\n\n<\/div>\n\n\n<div data-spectra-id=\"spectra-mmcqlglx-swypbt\" style=\"overflow: visible\" class=\"spectra-overlay-color spectra-overflow wp-block-spectra-container\" data-orientation=\"vertical\">\n\t\n\n<h3 class=\"wp-block-heading\">M\u00e1y ti\u1ec7t tr\u00f9ng<\/h3>\n\n\n\n<p>M\u00e1y ti\u1ec7t tr\u00f9ng b\u1eb1ng th\u00e9p kh\u00f4ng g\u1ec9 v\u1edbi kh\u1ea3 n\u0103ng ki\u1ec3m so\u00e1t nhi\u1ec7t \u0111\u1ed9 ch\u00ednh x\u00e1c v\u00e0 h\u1ec7 th\u1ed1ng gia nhi\u1ec7t hi\u1ec7u qu\u1ea3. \u0110\u01b0\u1ee3c thi\u1ebft k\u1ebf \u0111\u1ec3 x\u1eed l\u00fd s\u1eefa v\u00e0 c\u00e1c s\u1ea3n ph\u1ea9m t\u1eeb s\u1eefa m\u1ed9t c\u00e1ch an to\u00e0n v\u00e0 \u0111\u00e1ng tin c\u1eady, \u0111\u1ea3m b\u1ea3o an to\u00e0n s\u1ea3n ph\u1ea9m v\u00e0 k\u00e9o d\u00e0i th\u1eddi h\u1ea1n s\u1eed d\u1ee5ng.<\/p>\n\n<\/div>\n\n<\/div>\n\n\n\n<h2 class=\"wp-block-heading\">Th\u00f4ng s\u1ed1 k\u1ef9 thu\u1eadt s\u1ea3n ph\u1ea9m<\/h2>\n\n\n\n<figure data-spectra-id=\"spectra-mmcr0nlw-luzjik\" class=\"wp-block-image size-full is-resized\"><img loading=\"lazy\" decoding=\"async\" width=\"946\" height=\"369\" src=\"https:\/\/coolmilktank.com\/wp-content\/uploads\/2026\/03\/1.png\" alt=\"1\" class=\"wp-image-2462\" title=\"M\u00e1y ti\u1ec7t tr\u00f9ng\" srcset=\"https:\/\/coolmilktank.com\/wp-content\/uploads\/2026\/03\/1.png 946w, https:\/\/coolmilktank.com\/wp-content\/uploads\/2026\/03\/1-300x117.png 300w, https:\/\/coolmilktank.com\/wp-content\/uploads\/2026\/03\/1-768x300.png 768w\" sizes=\"auto, (max-width: 946px) 100vw, 946px\" \/><\/figure>\n\n\n\n<p><\/p>","protected":false},"excerpt":{"rendered":"<p>Th\u00f4ng s\u1ed1 k\u1ef9 thu\u1eadt s\u1ea3n ph\u1ea9m<\/p>","protected":false},"author":1,"featured_media":0,"parent":0,"menu_order":0,"comment_status":"closed","ping_status":"closed","template":"","meta":{"_uag_custom_page_level_css":"","site-sidebar-layout":"default","site-content-layout":"","ast-site-content-layout":"default","site-content-style":"default","site-sidebar-style":"default","ast-global-header-display":"","ast-banner-title-visibility":"","ast-main-header-display":"","ast-hfb-above-header-display":"","ast-hfb-below-header-display":"","ast-hfb-mobile-header-display":"","site-post-title":"","ast-breadcrumbs-content":"","ast-featured-img":"","footer-sml-layout":"","ast-disable-related-posts":"","theme-transparent-header-meta":"","adv-header-id-meta":"","stick-header-meta":"","header-above-stick-meta":"","header-main-stick-meta":"","header-below-stick-meta":"","astra-migrate-meta-layouts":"set","ast-page-background-enabled":"default","ast-page-background-meta":{"desktop":{"background-color":"var(--ast-global-color-4)","background-image":"","background-repeat":"repeat","background-position":"center center","background-size":"auto","background-attachment":"scroll","background-type":"","background-media":"","overlay-type":"","overlay-color":"","overlay-opacity":"","overlay-gradient":""},"tablet":{"background-color":"","background-image":"","background-repeat":"repeat","background-position":"center center","background-size":"auto","background-attachment":"scroll","background-type":"","background-media":"","overlay-type":"","overlay-color":"","overlay-opacity":"","overlay-gradient":""},"mobile":{"background-color":"","background-image":"","background-repeat":"repeat","background-position":"center center","background-size":"auto","background-attachment":"scroll","background-type":"","background-media":"","overlay-type":"","overlay-color":"","overlay-opacity":"","overlay-gradient":""}},"ast-content-background-meta":{"desktop":{"background-color":"var(--ast-global-color-5)","background-image":"","background-repeat":"repeat","background-position":"center center","background-size":"auto","background-attachment":"scroll","background-type":"","background-media":"","overlay-type":"","overlay-color":"","overlay-opacity":"","overlay-gradient":""},"tablet":{"background-color":"var(--ast-global-color-5)","background-image":"","background-repeat":"repeat","background-position":"center center","background-size":"auto","background-attachment":"scroll","background-type":"","background-media":"","overlay-type":"","overlay-color":"","overlay-opacity":"","overlay-gradient":""},"mobile":{"background-color":"var(--ast-global-color-5)","background-image":"","background-repeat":"repeat","background-position":"center center","background-size":"auto","background-attachment":"scroll","background-type":"","background-media":"","overlay-type":"","overlay-color":"","overlay-opacity":"","overlay-gradient":""}},"footnotes":""},"class_list":["post-2461","page","type-page","status-publish","hentry"],"_hostinger_reach_plugin_has_subscription_block":false,"_hostinger_reach_plugin_is_elementor":false,"uagb_featured_image_src":{"full":false,"thumbnail":false,"medium":false,"medium_large":false,"large":false,"1536x1536":false,"2048x2048":false,"trp-custom-language-flag":false},"uagb_author_info":{"display_name":"sdzhongdu@gmail.com","author_link":"https:\/\/coolmilktank.com\/vi\/author\/sdzhongdugmail-com\/"},"uagb_comment_info":0,"uagb_excerpt":"Product Specifications","_links":{"self":[{"href":"https:\/\/coolmilktank.com\/vi\/wp-json\/wp\/v2\/pages\/2461","targetHints":{"allow":["GET"]}}],"collection":[{"href":"https:\/\/coolmilktank.com\/vi\/wp-json\/wp\/v2\/pages"}],"about":[{"href":"https:\/\/coolmilktank.com\/vi\/wp-json\/wp\/v2\/types\/page"}],"author":[{"embeddable":true,"href":"https:\/\/coolmilktank.com\/vi\/wp-json\/wp\/v2\/users\/1"}],"replies":[{"embeddable":true,"href":"https:\/\/coolmilktank.com\/vi\/wp-json\/wp\/v2\/comments?post=2461"}],"version-history":[{"count":1,"href":"https:\/\/coolmilktank.com\/vi\/wp-json\/wp\/v2\/pages\/2461\/revisions"}],"predecessor-version":[{"id":2463,"href":"https:\/\/coolmilktank.com\/vi\/wp-json\/wp\/v2\/pages\/2461\/revisions\/2463"}],"wp:attachment":[{"href":"https:\/\/coolmilktank.com\/vi\/wp-json\/wp\/v2\/media?parent=2461"}],"curies":[{"name":"wp","href":"https:\/\/api.w.org\/{rel}","templated":true}]}}