{"id":2470,"date":"2026-03-05T07:40:16","date_gmt":"2026-03-05T07:40:16","guid":{"rendered":"https:\/\/coolmilktank.com\/?page_id=2470"},"modified":"2026-03-05T07:40:18","modified_gmt":"2026-03-05T07:40:18","slug":"portable-milking-machine","status":"publish","type":"page","link":"https:\/\/coolmilktank.com\/vi\/portable-milking-machine\/","title":{"rendered":"M\u00e1y v\u1eaft s\u1eefa di \u0111\u1ed9ng"},"content":{"rendered":"<div data-spectra-id=\"spectra-mmd5mf1t-s18ybe\"\tstyle=\"overflow: visible;\" class=\"spectra-is-root-container alignfull spectra-overlay-color spectra-overflow wp-block-spectra-container\" data-orientation=\"vertical\"\t>\n\t\n<div data-spectra-id=\"spectra-mmd5mgi5-uje0j8\" style=\"overflow: visible\" class=\"spectra-overlay-color spectra-overflow wp-block-spectra-container\" data-orientation=\"vertical\">\n\t\n\n<figure data-spectra-id=\"spectra-mmd5mjwj-hiz2ef\" class=\"wp-block-image size-full\"><img loading=\"lazy\" decoding=\"async\" width=\"650\" height=\"650\" src=\"https:\/\/coolmilktank.com\/wp-content\/uploads\/2026\/03\/\u6324\u5976\u673a.jpg\" alt=\"\u6324\u5976\u673a\" class=\"wp-image-2343\" title=\"M\u00e1y v\u1eaft s\u1eefa di \u0111\u1ed9ng\" srcset=\"https:\/\/coolmilktank.com\/wp-content\/uploads\/2026\/03\/\u6324\u5976\u673a.jpg 650w, https:\/\/coolmilktank.com\/wp-content\/uploads\/2026\/03\/\u6324\u5976\u673a-300x300.jpg 300w, https:\/\/coolmilktank.com\/wp-content\/uploads\/2026\/03\/\u6324\u5976\u673a-150x150.jpg 150w\" sizes=\"auto, (max-width: 650px) 100vw, 650px\" \/><\/figure>\n\n<\/div>\n\n\n<div data-spectra-id=\"spectra-mmd5mgia-3ol94u\" style=\"overflow: visible\" class=\"spectra-overlay-color spectra-overflow wp-block-spectra-container\" data-orientation=\"vertical\">\n\t\n\n<h3 class=\"wp-block-heading\">M\u00e1y v\u1eaft s\u1eefa di \u0111\u1ed9ng<\/h3>\n\n\n\n<p>V\u1eaft s\u1eefa hi\u1ec7u qu\u1ea3 v\u00e0 v\u1ec7 sinh v\u1edbi th\u00e9p kh\u00f4ng g\u1ec9 \u0111\u1ea1t ti\u00eau chu\u1ea9n an to\u00e0n th\u1ef1c ph\u1ea9m. Thi\u1ebft k\u1ebf nh\u1ecf g\u1ecdn, d\u1ec5 di chuy\u1ec3n, ph\u00f9 h\u1ee3p cho c\u00e1c trang tr\u1ea1i ch\u0103n nu\u00f4i b\u00f2 s\u1eefa quy m\u00f4 nh\u1ecf \u0111\u1ebfn trung b\u00ecnh.<\/p>\n\n<\/div>\n\n<\/div>\n\n\n\n<p><\/p>","protected":false},"excerpt":{"rendered":"","protected":false},"author":1,"featured_media":0,"parent":0,"menu_order":0,"comment_status":"closed","ping_status":"closed","template":"","meta":{"_uag_custom_page_level_css":"","site-sidebar-layout":"default","site-content-layout":"","ast-site-content-layout":"default","site-content-style":"default","site-sidebar-style":"default","ast-global-header-display":"","ast-banner-title-visibility":"","ast-main-header-display":"","ast-hfb-above-header-display":"","ast-hfb-below-header-display":"","ast-hfb-mobile-header-display":"","site-post-title":"","ast-breadcrumbs-content":"","ast-featured-img":"","footer-sml-layout":"","ast-disable-related-posts":"","theme-transparent-header-meta":"","adv-header-id-meta":"","stick-header-meta":"","header-above-stick-meta":"","header-main-stick-meta":"","header-below-stick-meta":"","astra-migrate-meta-layouts":"set","ast-page-background-enabled":"default","ast-page-background-meta":{"desktop":{"background-color":"var(--ast-global-color-4)","background-image":"","background-repeat":"repeat","background-position":"center center","background-size":"auto","background-attachment":"scroll","background-type":"","background-media":"","overlay-type":"","overlay-color":"","overlay-opacity":"","overlay-gradient":""},"tablet":{"background-color":"","background-image":"","background-repeat":"repeat","background-position":"center center","background-size":"auto","background-attachment":"scroll","background-type":"","background-media":"","overlay-type":"","overlay-color":"","overlay-opacity":"","overlay-gradient":""},"mobile":{"background-color":"","background-image":"","background-repeat":"repeat","background-position":"center center","background-size":"auto","background-attachment":"scroll","background-type":"","background-media":"","overlay-type":"","overlay-color":"","overlay-opacity":"","overlay-gradient":""}},"ast-content-background-meta":{"desktop":{"background-color":"var(--ast-global-color-5)","background-image":"","background-repeat":"repeat","background-position":"center center","background-size":"auto","background-attachment":"scroll","background-type":"","background-media":"","overlay-type":"","overlay-color":"","overlay-opacity":"","overlay-gradient":""},"tablet":{"background-color":"var(--ast-global-color-5)","background-image":"","background-repeat":"repeat","background-position":"center center","background-size":"auto","background-attachment":"scroll","background-type":"","background-media":"","overlay-type":"","overlay-color":"","overlay-opacity":"","overlay-gradient":""},"mobile":{"background-color":"var(--ast-global-color-5)","background-image":"","background-repeat":"repeat","background-position":"center center","background-size":"auto","background-attachment":"scroll","background-type":"","background-media":"","overlay-type":"","overlay-color":"","overlay-opacity":"","overlay-gradient":""}},"footnotes":""},"class_list":["post-2470","page","type-page","status-publish","hentry"],"_hostinger_reach_plugin_has_subscription_block":false,"_hostinger_reach_plugin_is_elementor":false,"uagb_featured_image_src":{"full":false,"thumbnail":false,"medium":false,"medium_large":false,"large":false,"1536x1536":false,"2048x2048":false,"trp-custom-language-flag":false},"uagb_author_info":{"display_name":"sdzhongdu@gmail.com","author_link":"https:\/\/coolmilktank.com\/vi\/author\/sdzhongdugmail-com\/"},"uagb_comment_info":0,"uagb_excerpt":null,"_links":{"self":[{"href":"https:\/\/coolmilktank.com\/vi\/wp-json\/wp\/v2\/pages\/2470","targetHints":{"allow":["GET"]}}],"collection":[{"href":"https:\/\/coolmilktank.com\/vi\/wp-json\/wp\/v2\/pages"}],"about":[{"href":"https:\/\/coolmilktank.com\/vi\/wp-json\/wp\/v2\/types\/page"}],"author":[{"embeddable":true,"href":"https:\/\/coolmilktank.com\/vi\/wp-json\/wp\/v2\/users\/1"}],"replies":[{"embeddable":true,"href":"https:\/\/coolmilktank.com\/vi\/wp-json\/wp\/v2\/comments?post=2470"}],"version-history":[{"count":1,"href":"https:\/\/coolmilktank.com\/vi\/wp-json\/wp\/v2\/pages\/2470\/revisions"}],"predecessor-version":[{"id":2471,"href":"https:\/\/coolmilktank.com\/vi\/wp-json\/wp\/v2\/pages\/2470\/revisions\/2471"}],"wp:attachment":[{"href":"https:\/\/coolmilktank.com\/vi\/wp-json\/wp\/v2\/media?parent=2470"}],"curies":[{"name":"wp","href":"https:\/\/api.w.org\/{rel}","templated":true}]}}