{"id":2474,"date":"2026-03-05T07:51:50","date_gmt":"2026-03-05T07:51:50","guid":{"rendered":"https:\/\/coolmilktank.com\/?page_id=2474"},"modified":"2026-03-05T07:51:52","modified_gmt":"2026-03-05T07:51:52","slug":"complete-dairy-processing-line","status":"publish","type":"page","link":"https:\/\/coolmilktank.com\/vi\/complete-dairy-processing-line\/","title":{"rendered":"D\u00e2y chuy\u1ec1n ch\u1ebf bi\u1ebfn s\u1eefa ho\u00e0n ch\u1ec9nh"},"content":{"rendered":"<div data-spectra-id=\"spectra-mmd5qya7-psbkq6\"\tstyle=\"overflow: visible;\" class=\"spectra-is-root-container alignfull spectra-overlay-color spectra-overflow wp-block-spectra-container\" data-orientation=\"vertical\"\t>\n\t\n<div data-spectra-id=\"spectra-mmd5qziy-zigeq3\" style=\"overflow: visible\" class=\"spectra-overlay-color spectra-overflow wp-block-spectra-container\" data-orientation=\"vertical\">\n\t\n\n<figure data-spectra-id=\"spectra-mmd5r3ko-hwg1nl\" class=\"wp-block-image size-full\"><img loading=\"lazy\" decoding=\"async\" width=\"800\" height=\"800\" src=\"https:\/\/coolmilktank.com\/wp-content\/uploads\/2026\/03\/\u751f\u4ea7\u7ebf.jpg\" alt=\"\u751f\u4ea7\u7ebf\" class=\"wp-image-2345\" title=\"D\u00e2y chuy\u1ec1n ch\u1ebf bi\u1ebfn s\u1eefa ho\u00e0n ch\u1ec9nh\" srcset=\"https:\/\/coolmilktank.com\/wp-content\/uploads\/2026\/03\/\u751f\u4ea7\u7ebf.jpg 800w, https:\/\/coolmilktank.com\/wp-content\/uploads\/2026\/03\/\u751f\u4ea7\u7ebf-300x300.jpg 300w, https:\/\/coolmilktank.com\/wp-content\/uploads\/2026\/03\/\u751f\u4ea7\u7ebf-150x150.jpg 150w, https:\/\/coolmilktank.com\/wp-content\/uploads\/2026\/03\/\u751f\u4ea7\u7ebf-768x768.jpg 768w\" sizes=\"auto, (max-width: 800px) 100vw, 800px\" \/><\/figure>\n\n<\/div>\n\n\n<div data-spectra-id=\"spectra-mmd5qzj2-le9yb2\" style=\"overflow: visible\" class=\"spectra-overlay-color spectra-overflow wp-block-spectra-container\" data-orientation=\"vertical\">\n\t\n\n<h3 class=\"wp-block-heading\">D\u00e2y chuy\u1ec1n ch\u1ebf bi\u1ebfn s\u1eefa ho\u00e0n ch\u1ec9nh<\/h3>\n\n\n\n<p><strong>V\u1eadt li\u1ec7u cao c\u1ea5p<\/strong>: Thi\u1ebft k\u1ebf b\u1eb1ng th\u00e9p kh\u00f4ng g\u1ec9 \u0111\u1ea1t ti\u00eau chu\u1ea9n th\u1ef1c ph\u1ea9m, \u0111\u1ea3m b\u1ea3o kh\u1ea3 n\u0103ng ch\u1ed1ng \u0103n m\u00f2n v\u00e0 d\u1ec5 d\u00e0ng v\u1ec7 sinh.<br><strong>Ti\u1ebft ki\u1ec7m n\u0103ng l\u01b0\u1ee3ng<\/strong>: L\u1edbp c\u00e1ch nhi\u1ec7t hai l\u1edbp gi\u00fap gi\u1ea3m thi\u1ec3u m\u1ea5t nhi\u1ec7t v\u00e0 chi ph\u00ed s\u1ea3n xu\u1ea5t.<br><strong>Ho\u1ea1t \u0111\u1ed9ng t\u1ef1 \u0111\u1ed9ng<\/strong>H\u1ec7 th\u1ed1ng t\u1ef1 \u0111\u1ed9ng ho\u00e0n to\u00e0n cho ph\u00e9p s\u1ea3n xu\u1ea5t li\u00ean t\u1ee5c cho c\u00e1c c\u01a1 s\u1edf ch\u0103n nu\u00f4i b\u00f2 s\u1eefa quy m\u00f4 nh\u1ecf \u0111\u1ebfn trung b\u00ecnh.<\/p>\n\n<\/div>\n\n<\/div>\n\n\n\n<h2 class=\"wp-block-heading\">Th\u00f4ng s\u1ed1 k\u1ef9 thu\u1eadt<\/h2>\n\n\n\n<figure data-spectra-id=\"spectra-mmd61pu4-synylj\" class=\"wp-block-image size-large is-resized\"><img loading=\"lazy\" decoding=\"async\" width=\"1024\" height=\"297\" src=\"https:\/\/coolmilktank.com\/wp-content\/uploads\/2026\/03\/1-1-1024x297.png\" alt=\"1\" class=\"wp-image-2475\" title=\"D\u00e2y chuy\u1ec1n ch\u1ebf bi\u1ebfn s\u1eefa ho\u00e0n ch\u1ec9nh\" srcset=\"https:\/\/coolmilktank.com\/wp-content\/uploads\/2026\/03\/1-1-1024x297.png 1024w, https:\/\/coolmilktank.com\/wp-content\/uploads\/2026\/03\/1-1-300x87.png 300w, https:\/\/coolmilktank.com\/wp-content\/uploads\/2026\/03\/1-1-768x222.png 768w, https:\/\/coolmilktank.com\/wp-content\/uploads\/2026\/03\/1-1-18x5.png 18w, https:\/\/coolmilktank.com\/wp-content\/uploads\/2026\/03\/1-1.png 1105w\" sizes=\"auto, (max-width: 1024px) 100vw, 1024px\" \/><\/figure>\n\n\n\n<p><\/p>","protected":false},"excerpt":{"rendered":"<p>Th\u00f4ng s\u1ed1 k\u1ef9 thu\u1eadt<\/p>","protected":false},"author":1,"featured_media":0,"parent":0,"menu_order":0,"comment_status":"closed","ping_status":"closed","template":"","meta":{"_uag_custom_page_level_css":"","site-sidebar-layout":"default","site-content-layout":"","ast-site-content-layout":"default","site-content-style":"default","site-sidebar-style":"default","ast-global-header-display":"","ast-banner-title-visibility":"","ast-main-header-display":"","ast-hfb-above-header-display":"","ast-hfb-below-header-display":"","ast-hfb-mobile-header-display":"","site-post-title":"","ast-breadcrumbs-content":"","ast-featured-img":"","footer-sml-layout":"","ast-disable-related-posts":"","theme-transparent-header-meta":"","adv-header-id-meta":"","stick-header-meta":"","header-above-stick-meta":"","header-main-stick-meta":"","header-below-stick-meta":"","astra-migrate-meta-layouts":"set","ast-page-background-enabled":"default","ast-page-background-meta":{"desktop":{"background-color":"var(--ast-global-color-4)","background-image":"","background-repeat":"repeat","background-position":"center center","background-size":"auto","background-attachment":"scroll","background-type":"","background-media":"","overlay-type":"","overlay-color":"","overlay-opacity":"","overlay-gradient":""},"tablet":{"background-color":"","background-image":"","background-repeat":"repeat","background-position":"center center","background-size":"auto","background-attachment":"scroll","background-type":"","background-media":"","overlay-type":"","overlay-color":"","overlay-opacity":"","overlay-gradient":""},"mobile":{"background-color":"","background-image":"","background-repeat":"repeat","background-position":"center center","background-size":"auto","background-attachment":"scroll","background-type":"","background-media":"","overlay-type":"","overlay-color":"","overlay-opacity":"","overlay-gradient":""}},"ast-content-background-meta":{"desktop":{"background-color":"var(--ast-global-color-5)","background-image":"","background-repeat":"repeat","background-position":"center center","background-size":"auto","background-attachment":"scroll","background-type":"","background-media":"","overlay-type":"","overlay-color":"","overlay-opacity":"","overlay-gradient":""},"tablet":{"background-color":"var(--ast-global-color-5)","background-image":"","background-repeat":"repeat","background-position":"center center","background-size":"auto","background-attachment":"scroll","background-type":"","background-media":"","overlay-type":"","overlay-color":"","overlay-opacity":"","overlay-gradient":""},"mobile":{"background-color":"var(--ast-global-color-5)","background-image":"","background-repeat":"repeat","background-position":"center center","background-size":"auto","background-attachment":"scroll","background-type":"","background-media":"","overlay-type":"","overlay-color":"","overlay-opacity":"","overlay-gradient":""}},"footnotes":""},"class_list":["post-2474","page","type-page","status-publish","hentry"],"_hostinger_reach_plugin_has_subscription_block":false,"_hostinger_reach_plugin_is_elementor":false,"uagb_featured_image_src":{"full":false,"thumbnail":false,"medium":false,"medium_large":false,"large":false,"1536x1536":false,"2048x2048":false,"trp-custom-language-flag":false},"uagb_author_info":{"display_name":"sdzhongdu@gmail.com","author_link":"https:\/\/coolmilktank.com\/vi\/author\/sdzhongdugmail-com\/"},"uagb_comment_info":0,"uagb_excerpt":"Technical parameters","_links":{"self":[{"href":"https:\/\/coolmilktank.com\/vi\/wp-json\/wp\/v2\/pages\/2474","targetHints":{"allow":["GET"]}}],"collection":[{"href":"https:\/\/coolmilktank.com\/vi\/wp-json\/wp\/v2\/pages"}],"about":[{"href":"https:\/\/coolmilktank.com\/vi\/wp-json\/wp\/v2\/types\/page"}],"author":[{"embeddable":true,"href":"https:\/\/coolmilktank.com\/vi\/wp-json\/wp\/v2\/users\/1"}],"replies":[{"embeddable":true,"href":"https:\/\/coolmilktank.com\/vi\/wp-json\/wp\/v2\/comments?post=2474"}],"version-history":[{"count":1,"href":"https:\/\/coolmilktank.com\/vi\/wp-json\/wp\/v2\/pages\/2474\/revisions"}],"predecessor-version":[{"id":2476,"href":"https:\/\/coolmilktank.com\/vi\/wp-json\/wp\/v2\/pages\/2474\/revisions\/2476"}],"wp:attachment":[{"href":"https:\/\/coolmilktank.com\/vi\/wp-json\/wp\/v2\/media?parent=2474"}],"curies":[{"name":"wp","href":"https:\/\/api.w.org\/{rel}","templated":true}]}}