{"id":499,"date":"2026-02-10T13:15:19","date_gmt":"2026-02-10T13:15:19","guid":{"rendered":"https:\/\/blueviolet-cat-912315.hostingersite.com\/about\/"},"modified":"2026-03-02T02:43:13","modified_gmt":"2026-03-02T02:43:13","slug":"about","status":"publish","type":"page","link":"https:\/\/coolmilktank.com\/vi\/about\/","title":{"rendered":"V\u1ec1"},"content":{"rendered":"<div data-spectra-id=\"37fe9e23\"\tstyle=\"overflow: visible; --spectra-background-color: var(--ast-global-color-7); --spectra-overlay-opacity: 0.81;\" class=\"spectra-is-root-container alignfull spectra-overlay-color spectra-overflow spectra-background-color spectra-dim-ratio wp-block-spectra-container\" data-orientation=\"vertical\"\t>\n\t\n\t<h1 data-spectra-id=\"spectra-bf7b5b87-heading\" style=\"color:#ffffff\" class=\"wp-block-spectra-content has-text-color\">\n\t\tGi\u1edbi thi\u1ec7u v\u1ec1 ch\u00fang t\u00f4i\t<\/h1>\n\n<\/div>\n\n\n<div data-spectra-id=\"e4be775b\"\tstyle=\"overflow: visible; --spectra-background-color: var(--ast-global-color-5);\" class=\"spectra-is-root-container alignfull spectra-overlay-color spectra-overflow spectra-background-color wp-block-spectra-container\" data-orientation=\"vertical\"\t>\n\t\n<div data-spectra-id=\"spectra-mfyuekk0-zqwcr2\" style=\"overflow: visible\" class=\"spectra-overlay-color spectra-overflow wp-block-spectra-container\" data-orientation=\"vertical\">\n\t\n<div data-spectra-id=\"spectra-1160787b-root\" style=\"overflow: visible\" class=\"spectra-overlay-color spectra-overflow wp-block-spectra-container\" data-orientation=\"vertical\">\n\t\n\t<h3 data-spectra-id=\"spectra-1160787b-prefix\" style=\"--spectra-text-color: var(--ast-global-color-0)\" class=\"has-text-color spectra-text-color wp-block-spectra-content has-text-color has-var-ast-global-color-0-color\">\n\t\tGi\u1edbi thi\u1ec7u v\u1ec1 ch\u00fang t\u00f4i\t<\/h3>\n\n\n\t<h2 data-spectra-id=\"spectra-1160787b-title\" class=\"wp-block-spectra-content\">\n\t\tCh\u00fang t\u00f4i l\u00e0 nh\u00e0 s\u1ea3n xu\u1ea5t thi\u1ebft b\u1ecb ch\u0103n nu\u00f4i h\u00e0ng \u0111\u1ea7u t\u1ea1i Trung Qu\u1ed1c.\t<\/h2>\n\n\n\n<p>Zhongdu Ch\u0103n nu\u00f4i<\/p>\n\n\n\t<p data-spectra-id=\"spectra-mg0quurk-com0o0\" class=\"wp-block-spectra-content\">\n\t\t<em>C\u00f4ng ty C\u00f4ng ngh\u1ec7 Ch\u0103n nu\u00f4i Binzhou Zhongdu, th\u00e0nh l\u1eadp v\u00e0o th\u00e1ng 4 n\u0103m 2005, \u0111\u00e3 tr\u1edf th\u00e0nh doanh nghi\u1ec7p c\u00f4ng ngh\u1ec7 cao qu\u1ed1c gia v\u00e0o n\u0103m 2011. K\u1ec3 t\u1eeb khi th\u00e0nh l\u1eadp, c\u00f4ng ty \u0111\u00e3 t\u00edch l\u0169y \u0111\u01b0\u1ee3c s\u1ee9c m\u1ea1nh kinh t\u1ebf v\u00e0 c\u00f4ng ngh\u1ec7 v\u1eefng m\u1ea1nh, s\u1edf h\u1eefu \u0111\u1ed9i ng\u0169 nh\u00e2n vi\u00ean c\u00f3 tr\u00ecnh \u0111\u1ed9 cao v\u00e0 nh\u00f3m nh\u00e2n vi\u00ean nghi\u00ean c\u1ee9u chuy\u00ean nghi\u1ec7p. Hi\u1ec7n nay, c\u00f4ng ty c\u00f3 h\u01a1n 100 nh\u00e2n vi\u00ean, trong \u0111\u00f3 c\u00f3 26 nh\u00e2n vi\u00ean k\u1ef9 thu\u1eadt; nh\u00e0 m\u00e1y c\u00f3 di\u1ec7n t\u00edch 15.800 m\u00e9t vu\u00f4ng, v\u1edbi h\u01a1n 4.000 b\u1ed9 thi\u1ebft b\u1ecb s\u1ea3n xu\u1ea5t, v\u00e0 c\u00f4ng su\u1ea5t s\u1ea3n xu\u1ea5t v\u00e0 l\u1eafp \u0111\u1eb7t h\u00e0ng n\u0103m v\u01b0\u1ee3t qu\u00e1 2.000 b\u1ed9 thi\u1ebft b\u1ecb ch\u0103n nu\u00f4i v\u00e0 c\u00e1c thi\u1ebft b\u1ecb kh\u00e1c. N\u0103ng l\u1ef1c s\u1ea3n xu\u1ea5t m\u1ea1nh m\u1ebd n\u00e0y \u0111\u1ea3m b\u1ea3o vi\u1ec7c giao h\u00e0ng hi\u1ec7u qu\u1ea3 cho c\u00e1c \u0111\u01a1n h\u00e0ng \u0111a d\u1ea1ng v\u00e0 t\u1ea1o n\u1ec1n t\u1ea3ng v\u1eefng ch\u1eafc cho h\u1ee3p t\u00e1c qu\u1ed1c t\u1ebf.<br>C\u00f4ng ty TNHH C\u00f4ng ngh\u1ec7 Ch\u0103n nu\u00f4i Zhongdu l\u00e0 th\u00e0nh vi\u00ean c\u1ee7a Hi\u1ec7p h\u1ed9i C\u00f4ng nghi\u1ec7p S\u1eefa Trung Qu\u1ed1c, th\u00e0nh vi\u00ean c\u1ee7a Hi\u1ec7p h\u1ed9i M\u00e1y m\u00f3c Ch\u0103n nu\u00f4i Trung Qu\u1ed1c v\u00e0 l\u00e0 nh\u00e0 cung c\u1ea5p \u0111\u01b0\u1ee3c ch\u1ec9 \u0111\u1ecbnh c\u1ee7a B\u1ed9 N\u00f4ng nghi\u1ec7p v\u00e0 Ph\u00e1t tri\u1ec3n N\u00f4ng th\u00f4n. \u0110\u00e2y c\u0169ng l\u00e0 m\u1ed9t trong nh\u1eefng nh\u00e0 s\u1ea3n xu\u1ea5t chuy\u00ean nghi\u1ec7p \u0111\u1ea7u ti\u00ean t\u1ea1i Trung Qu\u1ed1c chuy\u00ean s\u1ea3n xu\u1ea5t v\u00e0 kinh doanh m\u00e1y m\u00f3c s\u1eefa, m\u00e1y m\u00f3c ch\u0103n nu\u00f4i v\u00e0 c\u00e1c lo\u1ea1i m\u00e1y m\u00f3c c\u00f4ng nghi\u1ec7p nh\u1eb9 kh\u00e1c. V\u1edbi h\u01a1n m\u1ed9t th\u1eadp k\u1ef7 kinh nghi\u1ec7m s\u00e2u r\u1ed9ng trong ng\u00e0nh, c\u00f4ng ty \u0111\u00e3 x\u00e2y d\u1ef1ng \u0111\u01b0\u1ee3c h\u1ec7 th\u1ed1ng nghi\u00ean c\u1ee9u v\u00e0 ph\u00e1t tri\u1ec3n s\u1ea3n ph\u1ea9m, s\u1ea3n xu\u1ea5t v\u00e0 ki\u1ec3m \u0111\u1ecbnh ho\u00e0n thi\u1ec7n, v\u00e0 ch\u1ea5t l\u01b0\u1ee3ng s\u1ea3n ph\u1ea9m c\u1ee7a c\u00f4ng ty \u0111\u00e3 \u0111\u01b0\u1ee3c ng\u00e0nh c\u00f4ng nghi\u1ec7p \u0111\u00e1nh gi\u00e1 cao.<br>C\u00e1c thi\u1ebft b\u1ecb ti\u1ec7t tr\u00f9ng, b\u1ed3n ch\u1ee9a v\u1eadn chuy\u1ec3n, b\u1ed3n l\u1ea1nh l\u00e0m m\u00e1t tr\u1ef1c ti\u1ebfp, h\u1ec7 th\u1ed1ng l\u00e0m m\u00e1t nhanh s\u1eefa t\u01b0\u01a1i, m\u00e1y l\u00ean men s\u1eefa chua v\u00e0 b\u1ed3n ch\u1ee9a l\u01b0u tr\u1eef trong nh\u00e0 v\u00e0 ngo\u00e0i tr\u1eddi c\u1ee7a c\u00f4ng ty ch\u00fang t\u00f4i \u0111\u1ec1u \u0111\u00e3 \u0111\u01b0\u1ee3c ch\u1ee9ng nh\u1eadn b\u1edfi Tr\u1ea1m Ki\u1ec3m \u0111\u1ecbnh v\u00e0 \u0110\u00e1nh gi\u00e1 M\u00e1y m\u00f3c N\u00f4ng nghi\u1ec7p thu\u1ed9c B\u1ed9 N\u00f4ng nghi\u1ec7p v\u00e0 \u0111\u00e3 \u0111\u01b0\u1ee3c \u0111\u01b0a v\u00e0o danh m\u1ee5c s\u1ea3n ph\u1ea9m m\u00e1y m\u00f3c n\u00f4ng nghi\u1ec7p ti\u00ean ti\u1ebfn trong nhi\u1ec1u n\u0103m li\u00ean ti\u1ebfp. Ngo\u00e0i ra, c\u00e1c s\u1ea3n ph\u1ea9m c\u1ee7a ch\u00fang t\u00f4i tu\u00e2n th\u1ee7 nghi\u00eam ng\u1eb7t c\u00e1c ti\u00eau chu\u1ea9n ch\u1ea5t l\u01b0\u1ee3ng qu\u1ed1c t\u1ebf v\u00e0 t\u01b0\u01a1ng th\u00edch v\u1edbi ti\u00eau chu\u1ea9n qu\u1ed1c t\u1ebf v\u1ec1 m\u00e1y m\u00f3c s\u1eefa ISO 5707:2007 v\u00e0 ti\u00eau chu\u1ea9n thi\u1ebft b\u1ecb ti\u1ec7t tr\u00f9ng EU EN 1672-2. Ch\u00fang t\u00f4i c\u0169ng c\u00f3 th\u1ec3 cung c\u1ea5p c\u00e1c ch\u1ee9ng nh\u1eadn CE, FDA v\u00e0 c\u00e1c ch\u1ee9ng nh\u1eadn qu\u1ed1c t\u1ebf kh\u00e1c theo y\u00eau c\u1ea7u c\u1ee7a kh\u00e1ch h\u00e0ng, \u0111\u00e1p \u1ee9ng c\u00e1c y\u00eau c\u1ea7u ti\u1ebfp c\u1eadn th\u1ecb tr\u01b0\u1eddng c\u1ee7a c\u00e1c qu\u1ed1c gia v\u00e0 khu v\u1ef1c kh\u00e1c nhau. S\u1ea3n ph\u1ea9m c\u1ee7a ch\u00fang t\u00f4i k\u1ebft h\u1ee3p gi\u1eefa an to\u00e0n, v\u1ec7 sinh v\u00e0 t\u00ednh th\u1ef1c ti\u1ec5n, ph\u00f9 h\u1ee3p v\u1edbi nhu c\u1ea7u c\u1ee7a c\u00e1c trang tr\u1ea1i quy m\u00f4 l\u1edbn v\u00e0 nh\u00e0 m\u00e1y ch\u1ebf bi\u1ebfn s\u1eefa tr\u00ean to\u00e0n th\u1ebf gi\u1edbi.<br>Sau h\u01a1n m\u1ed9t th\u1eadp k\u1ef7 ph\u00e1t tri\u1ec3n, c\u00f4ng ty ch\u00fang t\u00f4i hi\u1ec7n c\u00f3 kh\u00e1ch h\u00e0ng tr\u00ean kh\u1eafp Trung Qu\u1ed1c. C\u00e1c thi\u1ebft b\u1ecb ch\u0103n nu\u00f4i b\u00f2 s\u1eefa \u0111a d\u1ea1ng c\u1ee7a ch\u00fang t\u00f4i \u0111\u01b0\u1ee3c s\u1eed d\u1ee5ng r\u1ed9ng r\u00e3i b\u1edfi c\u00e1c c\u00f4ng ty nh\u01b0 New Hope Dairy, Heilongjiang Wandashan Dairy, Yili Dairy, Mengniu Dairy, Sanyuan Dairy, Bright Dairy, Shandong Shijie Dairy, Shenyang Huishan Dairy, Qinghai Qinghai Lake Dairy, Beijing Zhongdi Dairy, Ningxia State Farms Group, Gansu Qianjin Dairy, Suzhou Henglitong Transportation Co., Ltd., Shanghai Haoniu Transportation Co., Ltd., Inner Mongolia Jinghong Transportation Co., Ltd., v\u00e0 Shaanxi Xinhangbiao Transportation Co., Ltd., nh\u1eadn \u0111\u01b0\u1ee3c s\u1ef1 \u0111\u00e1nh gi\u00e1 cao t\u1eeb ph\u00eda kh\u00e1ch h\u00e0ng. Ch\u1ea5t l\u01b0\u1ee3ng s\u1ea3n ph\u1ea9m v\u00e0 kinh nghi\u1ec7m d\u1ecbch v\u1ee5 \u0111\u00e3 \u0111\u01b0\u1ee3c kh\u1eb3ng \u0111\u1ecbnh c\u1ee7a ch\u00fang t\u00f4i cung c\u1ea5p n\u1ec1n t\u1ea3ng v\u1eefng ch\u1eafc cho vi\u1ec7c m\u1edf r\u1ed9ng th\u1ecb tr\u01b0\u1eddng ra n\u01b0\u1edbc ngo\u00e0i.<br>\u0110\u1ec3 \u0111\u00e1p \u1ee9ng nhu c\u1ea7u ph\u00e1t tri\u1ec3n to\u00e0n c\u1ea7u c\u1ee7a ng\u00e0nh ch\u0103n nu\u00f4i, c\u00f4ng ty ch\u00fang t\u00f4i \u0111\u00e3 ch\u00ednh th\u1ee9c tri\u1ec3n khai chi\u1ebfn l\u01b0\u1ee3c th\u01b0\u01a1ng m\u1ea1i qu\u1ed1c t\u1ebf, m\u1edf r\u1ed9ng to\u00e0n di\u1ec7n ra th\u1ecb tr\u01b0\u1eddng qu\u1ed1c t\u1ebf, t\u1eadp trung v\u00e0o c\u00e1c khu v\u1ef1c ti\u1ec1m n\u0103ng chi\u1ebfn l\u01b0\u1ee3c nh\u01b0 \u0110\u00f4ng Nam \u00c1, Nam \u00c1, Trung \u0110\u00f4ng v\u00e0 Ch\u00e2u Phi, c\u0169ng nh\u01b0 M\u1ef9 Latinh. \u0110\u1ed3ng th\u1eddi, ch\u00fang t\u00f4i \u0111ang t\u00edch c\u1ef1c k\u1ebft n\u1ed1i v\u1edbi th\u1ecb tr\u01b0\u1eddng Ch\u00e2u \u00c2u v\u00e0 B\u1eafc M\u1ef9, cam k\u1ebft mang \u0111\u1ebfn cho th\u1ebf gi\u1edbi c\u00e1c thi\u1ebft b\u1ecb ch\u0103n nu\u00f4i Trung Qu\u1ed1c ch\u1ea5t l\u01b0\u1ee3ng cao v\u00e0 hi\u1ec7u qu\u1ea3 v\u1ec1 chi ph\u00ed. Ch\u00fang t\u00f4i s\u1edf h\u1eefu h\u1ec7 th\u1ed1ng d\u1ecbch v\u1ee5 th\u01b0\u01a1ng m\u1ea1i qu\u1ed1c t\u1ebf to\u00e0n di\u1ec7n, cung c\u1ea5p d\u1ecbch v\u1ee5 tr\u1ecdn g\u00f3i bao g\u1ed3m t\u00e0i li\u1ec7u k\u1ef9 thu\u1eadt \u0111a ng\u00f4n ng\u1eef, s\u1ea3n xu\u1ea5t s\u1ea3n ph\u1ea9m theo y\u00eau c\u1ea7u, \u0111i\u1ec1u ph\u1ed1i logistics qu\u1ed1c t\u1ebf, th\u00f4ng quan h\u1ea3i quan, h\u01b0\u1edbng d\u1eabn k\u1ef9 thu\u1eadt t\u1ea1i n\u01b0\u1edbc ngo\u00e0i v\u00e0 b\u1ea3o tr\u00ec sau b\u00e1n h\u00e0ng. Ch\u00fang t\u00f4i c\u00f3 th\u1ec3 t\u1ed1i \u01b0u h\u00f3a th\u00f4ng s\u1ed1 k\u1ef9 thu\u1eadt s\u1ea3n ph\u1ea9m d\u1ef1a tr\u00ean quy m\u00f4 ch\u0103n nu\u00f4i, ti\u00eau chu\u1ea9n \u0111i\u1ec7n \u00e1p v\u00e0 \u0111i\u1ec1u ki\u1ec7n kh\u00ed h\u1eadu c\u1ee7a c\u00e1c qu\u1ed1c gia v\u00e0 khu v\u1ef1c kh\u00e1c nhau, ph\u00f9 h\u1ee3p v\u1edbi c\u00e1c t\u00ecnh hu\u1ed1ng s\u1eed d\u1ee5ng \u0111\u1ecba ph\u01b0\u01a1ng. V\u00ed d\u1ee5, ch\u00fang t\u00f4i t\u1ed1i \u01b0u h\u00f3a hi\u1ec7u su\u1ea5t t\u1ea3n nhi\u1ec7t c\u1ee7a thi\u1ebft b\u1ecb cho c\u00e1c khu v\u1ef1c nhi\u1ec7t \u0111\u1edbi v\u00e0 n\u00e2ng cao kh\u1ea3 n\u0103ng th\u00edch \u1ee9ng v\u1edbi nhi\u1ec7t \u0111\u1ed9 th\u1ea5p cho c\u00e1c khu v\u1ef1c c\u00f3 v\u0129 \u0111\u1ed9 cao.<br>T\u1eadn d\u1ee5ng l\u1ee3i th\u1ebf c\u00f4ng ngh\u1ec7 c\u1ee7a m\u1ed9t doanh nghi\u1ec7p c\u00f4ng ngh\u1ec7 cao qu\u1ed1c gia, l\u1ee3i th\u1ebf chi ph\u00ed t\u1eeb s\u1ea3n xu\u1ea5t quy m\u00f4 l\u1edbn v\u00e0 l\u1ee3i th\u1ebf ch\u1ea5t l\u01b0\u1ee3ng \u0111\u01b0\u1ee3c x\u00e1c nh\u1eadn b\u1edfi c\u00e1c c\u00f4ng ty s\u1eefa h\u00e0ng \u0111\u1ea7u trong n\u01b0\u1edbc, ch\u00fang t\u00f4i tu\u00e2n th\u1ee7 nguy\u00ean t\u1eafc \u201ch\u1ee3p t\u00e1c ch\u00e2n th\u00e0nh v\u00e0 c\u00f9ng c\u00f3 l\u1ee3i\u201d, ch\u00e2n th\u00e0nh m\u1eddi c\u00e1c \u0111\u1ea1i l\u00fd, nh\u00e0 ph\u00e2n ph\u1ed1i v\u00e0 kh\u00e1ch h\u00e0ng cu\u1ed1i tr\u00ean to\u00e0n th\u1ebf gi\u1edbi thi\u1ebft l\u1eadp m\u1ed1i quan h\u1ec7 h\u1ee3p t\u00e1c l\u00e2u d\u00e0i v\u00e0 \u1ed5n \u0111\u1ecbnh. Ch\u00fang t\u00f4i h\u01b0\u1edbng \u0111\u1ebfn vi\u1ec7c chia s\u1ebb l\u1ee3i \u00edch t\u1eeb s\u1ef1 ph\u00e1t tri\u1ec3n c\u1ee7a ng\u00e0nh ch\u0103n nu\u00f4i to\u00e0n c\u1ea7u v\u00e0 \u0111\u00f3ng g\u00f3p v\u00e0o qu\u00e1 tr\u00ecnh hi\u1ec7n \u0111\u1ea1i h\u00f3a v\u00e0 n\u00e2ng c\u1ea5p quy m\u00f4 l\u1edbn c\u1ee7a ng\u00e0nh ch\u0103n nu\u00f4i to\u00e0n c\u1ea7u. Ch\u00fang t\u00f4i ch\u1ea5p nh\u1eadn \u0111\u01a1n h\u00e0ng s\u1ed1 l\u01b0\u1ee3ng l\u1edbn v\u00e0 h\u1ee3p t\u00e1c OEM\/ODM, ki\u1ec3m so\u00e1t ch\u1eb7t ch\u1ebd t\u1eebng giai \u0111o\u1ea1n s\u1ea3n xu\u1ea5t \u0111\u1ec3 \u0111\u1ea3m b\u1ea3o ch\u1ea5t l\u01b0\u1ee3ng s\u1ea3n ph\u1ea9m xu\u1ea5t kh\u1ea9u \u1ed5n \u0111\u1ecbnh v\u00e0 th\u1eddi gian giao h\u00e0ng c\u00f3 th\u1ec3 ki\u1ec3m so\u00e1t. Ch\u00fang t\u00f4i c\u0169ng c\u00f3 c\u01a1 ch\u1ebf h\u1eadu m\u00e3i nhanh ch\u00f3ng \u1edf n\u01b0\u1edbc ngo\u00e0i \u0111\u1ec3 gi\u1ea3i quy\u1ebft k\u1ecbp th\u1eddi c\u00e1c v\u1ea5n \u0111\u1ec1 m\u00e0 kh\u00e1ch h\u00e0ng g\u1eb7p ph\u1ea3i trong qu\u00e1 tr\u00ecnh s\u1eed d\u1ee5ng, \u0111\u1ea3m b\u1ea3o s\u1ef1 an t\u00e2m cho m\u1ecdi \u0111\u1ed1i t\u00e1c n\u01b0\u1edbc ngo\u00e0i.<\/em>\t<\/p>\n\n\n<div data-spectra-id=\"spectra-1160787b-btns\" class=\"wp-block-button spectra-buttons wp-block-spectra-buttons\">\n\t<\/div>\n\n<\/div>\n\n<\/div>\n\n<\/div>\n\n\n<div data-spectra-id=\"a545a0b5\"\tstyle=\"overflow: visible; --spectra-text-color: ast-global-color-5; --spectra-background-color: var(--ast-global-color-7); --spectra-overlay-opacity: 0.81;\" class=\"spectra-is-root-container alignfull spectra-overlay-color spectra-overflow spectra-text-color spectra-background-color spectra-dim-ratio  wp-elements-49e74dd085af2da2229ef081436d7ea0 wp-block-spectra-container has-text-color has-ast-global-color-5-color\" data-orientation=\"vertical\"\t>\n\t\n<div data-spectra-id=\"spectra-mfyugx63-23pyw5\" style=\"overflow: visible\" class=\"spectra-overlay-color spectra-overflow wp-block-spectra-container\" data-orientation=\"vertical\">\n\t\n<div data-spectra-id=\"spectra-2329d33d-7a68-4722-91f0-8645dd6c2a79\" style=\"overflow: visible\" class=\"spectra-overlay-color spectra-overflow wp-block-spectra-container\" data-orientation=\"horizontal\">\n\t\n\n<div data-spectra-id=\"spectra-02904a0a-5ee1-42fb-a5ea-bd67101149c9\" class=\"wp-block-spectra-icons\">\n\t\n<div data-spectra-id=\"spectra-a8cb409e-d76e-4121-b190-b56827743388\" style=\"--spectra-text-color: var(--ast-global-color-5);--spectra-background-color: ast-global-color-0\" class=\"spectra-text-color spectra-background-color wp-block-spectra-icon has-background has-ast-global-color-0-background-color\">\n\t\t\t\t\t\t<svg class=\"spectra-icon\" xmlns=\"https:\/\/www.w3.org\/2000\/svg\" viewbox=\"0 0 320 512\" focusable=\"false\" style=\"fill: currentColor\" aria-hidden=\"true\"><path d=\"M160 0C177.7 0 192 14.33 192 32V67.68C193.6 67.89 195.1 68.12 196.7 68.35C207.3 69.93 238.9 75.02 251.9 78.31C268.1 82.65 279.4 100.1 275 117.2C270.7 134.3 253.3 144.7 236.1 140.4C226.8 137.1 198.5 133.3 187.3 131.7C155.2 126.9 127.7 129.3 108.8 136.5C90.52 143.5 82.93 153.4 80.92 164.5C78.98 175.2 80.45 181.3 82.21 185.1C84.1 189.1 87.79 193.6 95.14 198.5C111.4 209.2 136.2 216.4 168.4 225.1L171.2 225.9C199.6 233.6 234.4 243.1 260.2 260.2C274.3 269.6 287.6 282.3 295.8 299.9C304.1 317.7 305.9 337.7 302.1 358.1C295.1 397 268.1 422.4 236.4 435.6C222.8 441.2 207.8 444.8 192 446.6V480C192 497.7 177.7 512 160 512C142.3 512 128 497.7 128 480V445.1C127.6 445.1 127.1 444.1 126.7 444.9L126.5 444.9C102.2 441.1 62.07 430.6 35 418.6C18.85 411.4 11.58 392.5 18.76 376.3C25.94 360.2 44.85 352.9 60.1 360.1C81.9 369.4 116.3 378.5 136.2 381.6C168.2 386.4 194.5 383.6 212.3 376.4C229.2 369.5 236.9 359.5 239.1 347.5C241 336.8 239.6 330.7 237.8 326.9C235.9 322.9 232.2 318.4 224.9 313.5C208.6 302.8 183.8 295.6 151.6 286.9L148.8 286.1C120.4 278.4 85.58 268.9 59.76 251.8C45.65 242.4 32.43 229.7 24.22 212.1C15.89 194.3 14.08 174.3 17.95 153C25.03 114.1 53.05 89.29 85.96 76.73C98.98 71.76 113.1 68.49 128 66.73V32C128 14.33 142.3 0 160 0V0z\"><\/path><\/svg>\n\t\t\t\t<\/div>\n\n<\/div>\n\n\n<div data-spectra-id=\"spectra-4e15a7ab-3b8a-4686-9c66-e5dd81e6318e\" style=\"overflow: visible\" class=\"spectra-overlay-color spectra-overflow wp-block-spectra-container\" data-orientation=\"vertical\">\n\t\n\t<h2 data-spectra-id=\"spectra-d229345d-05e4-4878-a032-57f1fe925449\" class=\"wp-block-spectra-content\">\n\t\t1000+\t<\/h2>\n\n\n\n<p>C\u00e1c \u0111\u01a1n h\u00e0ng s\u1ea3n ph\u1ea9m \u0111\u00e3 \u0111\u01b0\u1ee3c giao th\u00e0nh c\u00f4ng<\/p>\n\n<\/div>\n\n<\/div>\n\n\n<div data-spectra-id=\"spectra-666d4a81-cc14-468c-ab11-0a439484e37f\" style=\"overflow: visible\" class=\"spectra-overlay-color spectra-overflow wp-block-spectra-container\" data-orientation=\"horizontal\">\n\t\n\n<div data-spectra-id=\"spectra-8cea3b22-f4d1-40d0-b00b-78868f717f9b\" class=\"wp-block-spectra-icons\">\n\t\n<div data-spectra-id=\"spectra-543710e2-dc20-42a0-8520-e16e318e99fa\" style=\"--spectra-text-color: var(--ast-global-color-5);--spectra-background-color: ast-global-color-0\" class=\"spectra-text-color spectra-background-color wp-block-spectra-icon has-background has-ast-global-color-0-background-color\">\n\t\t\t\t\t\t<svg class=\"spectra-icon\" xmlns=\"https:\/\/www.w3.org\/2000\/svg\" viewbox=\"0 0 640 512\" focusable=\"false\" style=\"fill: currentColor\" aria-hidden=\"true\"><path d=\"M319.9 320c57.41 0 103.1-46.56 103.1-104c0-57.44-46.54-104-103.1-104c-57.41 0-103.1 46.56-103.1 104C215.9 273.4 262.5 320 319.9 320zM369.9 352H270.1C191.6 352 128 411.7 128 485.3C128 500.1 140.7 512 156.4 512h327.2C499.3 512 512 500.1 512 485.3C512 411.7 448.4 352 369.9 352zM512 160c44.18 0 80-35.82 80-80S556.2 0 512 0c-44.18 0-80 35.82-80 80S467.8 160 512 160zM183.9 216c0-5.449 .9824-10.63 1.609-15.91C174.6 194.1 162.6 192 149.9 192H88.08C39.44 192 0 233.8 0 285.3C0 295.6 7.887 304 17.62 304h199.5C196.7 280.2 183.9 249.7 183.9 216zM128 160c44.18 0 80-35.82 80-80S172.2 0 128 0C83.82 0 48 35.82 48 80S83.82 160 128 160zM551.9 192h-61.84c-12.8 0-24.88 3.037-35.86 8.24C454.8 205.5 455.8 210.6 455.8 216c0 33.71-12.78 64.21-33.16 88h199.7C632.1 304 640 295.6 640 285.3C640 233.8 600.6 192 551.9 192z\"><\/path><\/svg>\n\t\t\t\t<\/div>\n\n<\/div>\n\n\n<div data-spectra-id=\"spectra-a06a8dbf-d892-4a25-9048-c70db244e619\" style=\"overflow: visible\" class=\"spectra-overlay-color spectra-overflow wp-block-spectra-container\" data-orientation=\"vertical\">\n\t\n\t<h2 data-spectra-id=\"spectra-3bc16a27-1c8d-49c6-9751-727a5122bb27\" class=\"wp-block-spectra-content\">\n\t\t200+\t<\/h2>\n\n\n\t<p data-spectra-id=\"spectra-3b6e2320-4f92-4273-a464-3a341d2bafaf\" class=\"wp-block-spectra-content\">\n\t\tS\u1ed1 l\u01b0\u1ee3ng \u0111\u1ed3ng nghi\u1ec7p v\u1eabn \u0111ang ti\u1ebfp t\u1ee5c t\u0103ng.\t<\/p>\n\n<\/div>\n\n<\/div>\n\n\n<div data-spectra-id=\"spectra-3ce7c751-88f7-49e0-a1ea-2672b4678424\" style=\"overflow: visible\" class=\"spectra-overlay-color spectra-overflow wp-block-spectra-container\" data-orientation=\"horizontal\">\n\t\n\n<div data-spectra-id=\"spectra-bd390505-6989-4810-bb77-b3fa4145589e\" class=\"wp-block-spectra-icons\">\n\t\n<div data-spectra-id=\"spectra-67992e80-f567-422b-8351-416e59cf141c\" style=\"--spectra-text-color: var(--ast-global-color-5);--spectra-background-color: ast-global-color-0\" class=\"spectra-text-color spectra-background-color wp-block-spectra-icon has-background has-ast-global-color-0-background-color\">\n\t\t\t\t\t\t<svg class=\"spectra-icon\" xmlns=\"https:\/\/www.w3.org\/2000\/svg\" viewbox=\"0 0 576 512\" focusable=\"false\" style=\"fill: currentColor\" aria-hidden=\"true\"><path d=\"M0 80C0 53.49 21.49 32 48 32H144C170.5 32 192 53.49 192 80V96H384V80C384 53.49 405.5 32 432 32H528C554.5 32 576 53.49 576 80V176C576 202.5 554.5 224 528 224H432C405.5 224 384 202.5 384 176V160H192V176C192 177.7 191.9 179.4 191.7 180.1L272 288H368C394.5 288 416 309.5 416 336V432C416 458.5 394.5 480 368 480H272C245.5 480 224 458.5 224 432V336C224 334.3 224.1 332.6 224.3 331L144 224H48C21.49 224 0 202.5 0 176V80z\"><\/path><\/svg>\n\t\t\t\t<\/div>\n\n<\/div>\n\n\n<div data-spectra-id=\"spectra-9c973718-d713-4e76-9682-f8d24e951702\" style=\"overflow: visible\" class=\"spectra-overlay-color spectra-overflow wp-block-spectra-container\" data-orientation=\"vertical\">\n\t\n\t<h2 data-spectra-id=\"spectra-1afc2696-d1af-49db-8f7e-4957bdba1fbf\" class=\"wp-block-spectra-content\">\n\t\t512+\t<\/h2>\n\n\n\n<p>S\u1ed1 l\u01b0\u1ee3ng kh\u00e1ch h\u00e0ng h\u1ee3p t\u00e1c l\u00e2u d\u00e0i \u0111ang d\u1ea7n t\u0103ng l\u00ean.<\/p>\n\n<\/div>\n\n<\/div>\n\n\n<div data-spectra-id=\"spectra-5b22bf68-24a2-4db8-bbc3-78e02f910c26\" style=\"overflow: visible\" class=\"spectra-overlay-color spectra-overflow wp-block-spectra-container\" data-orientation=\"horizontal\">\n\t\n\n<div data-spectra-id=\"spectra-abfa3cb4-161d-47ba-ae2a-d4894e8dacb1\" class=\"wp-block-spectra-icons\">\n\t\n<div data-spectra-id=\"spectra-b14a4e5f-9b65-4faf-ba01-6cc16d88b64d\" style=\"--spectra-text-color: var(--ast-global-color-5);--spectra-background-color: ast-global-color-0\" class=\"spectra-text-color spectra-background-color wp-block-spectra-icon has-background has-ast-global-color-0-background-color\">\n\t\t\t\t\t\t<svg class=\"spectra-icon\" xmlns=\"https:\/\/www.w3.org\/2000\/svg\" viewbox=\"0 0 384 512\" focusable=\"false\" style=\"fill: currentColor\" aria-hidden=\"true\"><path d=\"M288 358.3c13.98-8.088 17.53-30.04 28.88-41.39c11.35-11.35 33.3-14.88 41.39-28.87c7.98-13.79 .1658-34.54 4.373-50.29C366.7 222.5 383.1 208.5 383.1 192c0-16.5-17.27-30.52-21.34-45.73c-4.207-15.75 3.612-36.5-4.365-50.29c-8.086-13.98-30.03-17.52-41.38-28.87c-11.35-11.35-14.89-33.3-28.87-41.39c-13.79-7.979-34.54-.1637-50.29-4.375C222.5 17.27 208.5 0 192 0C175.5 0 161.5 17.27 146.3 21.34C130.5 25.54 109.8 17.73 95.98 25.7C82 33.79 78.46 55.74 67.11 67.08C55.77 78.43 33.81 81.97 25.72 95.95C17.74 109.7 25.56 130.5 21.35 146.2C17.27 161.5 .0008 175.5 .0008 192c0 16.5 17.27 30.52 21.34 45.73c4.207 15.75-3.615 36.5 4.361 50.29C33.8 302 55.74 305.5 67.08 316.9c11.35 11.35 14.89 33.3 28.88 41.4c13.79 7.979 34.53 .1582 50.28 4.369C161.5 366.7 175.5 384 192 384c16.5 0 30.52-17.27 45.74-21.34C253.5 358.5 274.2 366.3 288 358.3zM112 192c0-44.27 35.81-80 80-80s80 35.73 80 80c0 44.17-35.81 80-80 80S112 236.2 112 192zM1.719 433.2c-3.25 8.188-1.781 17.48 3.875 24.25c5.656 6.75 14.53 9.898 23.12 8.148l45.19-9.035l21.43 42.27C99.46 507 107.6 512 116.7 512c.3438 0 .6641-.0117 1.008-.0273c9.5-.375 17.65-6.082 21.24-14.88l33.58-82.08c-53.71-4.639-102-28.12-138.2-63.95L1.719 433.2zM349.6 351.1c-36.15 35.83-84.45 59.31-138.2 63.95l33.58 82.08c3.594 8.797 11.74 14.5 21.24 14.88C266.6 511.1 266.1 512 267.3 512c9.094 0 17.23-4.973 21.35-13.14l21.43-42.28l45.19 9.035c8.594 1.75 17.47-1.398 23.12-8.148c5.656-6.766 7.125-16.06 3.875-24.25L349.6 351.1z\"><\/path><\/svg>\n\t\t\t\t<\/div>\n\n<\/div>\n\n\n<div data-spectra-id=\"spectra-66d22044-a29a-4adb-b74d-9bbcd7c7aef0\" style=\"overflow: visible\" class=\"spectra-overlay-color spectra-overflow wp-block-spectra-container\" data-orientation=\"vertical\">\n\t\n\t<h2 data-spectra-id=\"spectra-2ca31a29-de7b-44b5-ba59-01c648e94169\" class=\"wp-block-spectra-content\">\n\t\t1120+\t<\/h2>\n\n\n\t<p data-spectra-id=\"spectra-da2fda15-250b-4eff-8807-5b57f8978a00\" class=\"wp-block-spectra-content\">\n\t\tS\u1ed1 l\u01b0\u1ee3ng kh\u00e1ch h\u00e0ng \u0111\u01b0\u1ee3c giao h\u00e0ng v\u00e0o n\u0103m 2025\t<\/p>\n\n<\/div>\n\n<\/div>\n\n<\/div>\n\n<\/div>\n\n\n<div data-spectra-id=\"8fe14de4\"\tstyle=\"overflow: visible; --spectra-background-color: #FFFFFF75; --spectra-overlay-opacity: 1;\" class=\"spectra-is-root-container alignfull spectra-overlay-color spectra-overflow spectra-background-color spectra-dim-ratio wp-block-spectra-container\" data-orientation=\"vertical\"\t>\n\t<\/div>\n\n\n\n<p><\/p>","protected":false},"excerpt":{"rendered":"","protected":false},"author":1,"featured_media":0,"parent":0,"menu_order":0,"comment_status":"closed","ping_status":"closed","template":"","meta":{"_uag_custom_page_level_css":"","site-sidebar-layout":"no-sidebar","site-content-layout":"plain-container","ast-site-content-layout":"normal-width-container","site-content-style":"unboxed","site-sidebar-style":"unboxed","ast-global-header-display":"","ast-banner-title-visibility":"","ast-main-header-display":"","ast-hfb-above-header-display":"","ast-hfb-below-header-display":"","ast-hfb-mobile-header-display":"","site-post-title":"disabled","ast-breadcrumbs-content":"","ast-featured-img":"disabled","footer-sml-layout":"","ast-disable-related-posts":"","theme-transparent-header-meta":"enabled","adv-header-id-meta":"","stick-header-meta":"","header-above-stick-meta":"","header-main-stick-meta":"","header-below-stick-meta":"","astra-migrate-meta-layouts":"set","ast-page-background-enabled":"default","ast-page-background-meta":{"desktop":{"background-color":"var(--ast-global-color-4)","background-image":"","background-repeat":"repeat","background-position":"center center","background-size":"auto","background-attachment":"scroll","background-type":"","background-media":"","overlay-type":"","overlay-color":"","overlay-opacity":"","overlay-gradient":""},"tablet":{"background-color":"","background-image":"","background-repeat":"repeat","background-position":"center center","background-size":"auto","background-attachment":"scroll","background-type":"","background-media":"","overlay-type":"","overlay-color":"","overlay-opacity":"","overlay-gradient":""},"mobile":{"background-color":"","background-image":"","background-repeat":"repeat","background-position":"center center","background-size":"auto","background-attachment":"scroll","background-type":"","background-media":"","overlay-type":"","overlay-color":"","overlay-opacity":"","overlay-gradient":""}},"ast-content-background-meta":{"desktop":{"background-color":"var(--ast-global-color-5)","background-image":"","background-repeat":"repeat","background-position":"center center","background-size":"auto","background-attachment":"scroll","background-type":"","background-media":"","overlay-type":"","overlay-color":"","overlay-opacity":"","overlay-gradient":""},"tablet":{"background-color":"var(--ast-global-color-5)","background-image":"","background-repeat":"repeat","background-position":"center center","background-size":"auto","background-attachment":"scroll","background-type":"","background-media":"","overlay-type":"","overlay-color":"","overlay-opacity":"","overlay-gradient":""},"mobile":{"background-color":"var(--ast-global-color-5)","background-image":"","background-repeat":"repeat","background-position":"center center","background-size":"auto","background-attachment":"scroll","background-type":"","background-media":"","overlay-type":"","overlay-color":"","overlay-opacity":"","overlay-gradient":""}},"footnotes":""},"class_list":["post-499","page","type-page","status-publish","hentry"],"_hostinger_reach_plugin_has_subscription_block":false,"_hostinger_reach_plugin_is_elementor":false,"uagb_featured_image_src":{"full":false,"thumbnail":false,"medium":false,"medium_large":false,"large":false,"1536x1536":false,"2048x2048":false,"trp-custom-language-flag":false},"uagb_author_info":{"display_name":"sdzhongdu@gmail.com","author_link":"https:\/\/coolmilktank.com\/vi\/author\/sdzhongdugmail-com\/"},"uagb_comment_info":0,"uagb_excerpt":null,"_links":{"self":[{"href":"https:\/\/coolmilktank.com\/vi\/wp-json\/wp\/v2\/pages\/499","targetHints":{"allow":["GET"]}}],"collection":[{"href":"https:\/\/coolmilktank.com\/vi\/wp-json\/wp\/v2\/pages"}],"about":[{"href":"https:\/\/coolmilktank.com\/vi\/wp-json\/wp\/v2\/types\/page"}],"author":[{"embeddable":true,"href":"https:\/\/coolmilktank.com\/vi\/wp-json\/wp\/v2\/users\/1"}],"replies":[{"embeddable":true,"href":"https:\/\/coolmilktank.com\/vi\/wp-json\/wp\/v2\/comments?post=499"}],"version-history":[{"count":3,"href":"https:\/\/coolmilktank.com\/vi\/wp-json\/wp\/v2\/pages\/499\/revisions"}],"predecessor-version":[{"id":2388,"href":"https:\/\/coolmilktank.com\/vi\/wp-json\/wp\/v2\/pages\/499\/revisions\/2388"}],"wp:attachment":[{"href":"https:\/\/coolmilktank.com\/vi\/wp-json\/wp\/v2\/media?parent=499"}],"curies":[{"name":"wp","href":"https:\/\/api.w.org\/{rel}","templated":true}]}}